{"id":13957,"date":"2020-09-11T11:16:19","date_gmt":"2020-09-11T09:16:19","guid":{"rendered":"https:\/\/shop.admonter.com\/produkt\/huile-de-reparation-admonter-30ml\/"},"modified":"2021-05-25T09:39:12","modified_gmt":"2021-05-25T07:39:12","slug":"huile-de-reparation-admonter-30ml","status":"publish","type":"product","link":"https:\/\/shop.admonter.com\/fr\/produkt\/huile-de-reparation-admonter-30ml\/","title":{"rendered":"121292 | Huile de r\u00e9paration Admonter, 30ml"},"content":{"rendered":"","protected":false},"excerpt":{"rendered":"<p>pour de petits travaux de r\u00e9paration, nous effectuons pour vous un m\u00e9lange d\u2018huil\u00e9s adapt\u00e9es \u00e0 la couleur de votre parquet. En l\u2018appliquant avec un pinceau, vous pouvez r\u00e9parer les petits endommagements. (Faire un test avant d\u2018appliquer l\u2018huil\u00e9!), 30 ml seau avec une brosse<\/p>\n","protected":false},"featured_media":11046,"template":"","meta":{"_acf_changed":false},"product_brand":[],"product_cat":[1516,1968],"product_tag":[],"class_list":{"0":"post-13957","1":"product","2":"type-product","3":"status-publish","4":"has-post-thumbnail","6":"product_cat-nettoyage-entretien","7":"product_cat-care-fr","8":"product_shipping_class-sideproduct-fr","10":"first","11":"instock","12":"taxable","13":"shipping-taxable","14":"purchasable","15":"product-type-simple"},"acf":[],"yoast_head":"<!-- This site is optimized with the Yoast SEO Premium plugin v20.8 (Yoast SEO v26.8) - https:\/\/yoast.com\/product\/yoast-seo-premium-wordpress\/ -->\n<title>Huile de r\u00e9paration Admonter, 30ml - Admonter Webshop<\/title>\n<meta name=\"description\" content=\"Consultez toutes les informations sur le produit Huile de r\u00e9paration Admonter, 30ml et achetez en ligne directement sur le site.\" \/>\n<meta name=\"robots\" content=\"index, follow, max-snippet:-1, max-image-preview:large, max-video-preview:-1\" \/>\n<link rel=\"canonical\" href=\"https:\/\/shop.admonter.com\/fr\/produkt\/huile-de-reparation-admonter-30ml\/\" \/>\n<meta property=\"og:locale\" content=\"fr_FR\" \/>\n<meta property=\"og:type\" content=\"article\" \/>\n<meta property=\"og:title\" content=\"Huile de r\u00e9paration Admonter, 30ml\" \/>\n<meta property=\"og:description\" content=\"Consultez toutes les informations sur le produit Huile de r\u00e9paration Admonter, 30ml et achetez en ligne directement sur le site.\" \/>\n<meta property=\"og:url\" content=\"https:\/\/shop.admonter.com\/fr\/produkt\/huile-de-reparation-admonter-30ml\/\" \/>\n<meta property=\"og:site_name\" content=\"Admonter Webshop\" \/>\n<meta property=\"article:modified_time\" content=\"2021-05-25T07:39:12+00:00\" \/>\n<meta property=\"og:image\" content=\"https:\/\/shop.admonter.com\/wp-content\/uploads\/sites\/2\/121292-Perspektive.jpg\" \/>\n\t<meta property=\"og:image:width\" content=\"512\" \/>\n\t<meta property=\"og:image:height\" content=\"512\" \/>\n\t<meta property=\"og:image:type\" content=\"image\/jpeg\" \/>\n<meta name=\"twitter:card\" content=\"summary_large_image\" \/>\n<script type=\"application\/ld+json\" class=\"yoast-schema-graph\">{\"@context\":\"https:\/\/schema.org\",\"@graph\":[{\"@type\":\"WebPage\",\"@id\":\"https:\/\/shop.admonter.com\/fr\/produkt\/huile-de-reparation-admonter-30ml\/\",\"url\":\"https:\/\/shop.admonter.com\/fr\/produkt\/huile-de-reparation-admonter-30ml\/\",\"name\":\"Huile de r\u00e9paration Admonter, 30ml - Admonter Webshop\",\"isPartOf\":{\"@id\":\"https:\/\/shop.admonter.com\/fr\/#website\"},\"primaryImageOfPage\":{\"@id\":\"https:\/\/shop.admonter.com\/fr\/produkt\/huile-de-reparation-admonter-30ml\/#primaryimage\"},\"image\":{\"@id\":\"https:\/\/shop.admonter.com\/fr\/produkt\/huile-de-reparation-admonter-30ml\/#primaryimage\"},\"thumbnailUrl\":\"https:\/\/shop.admonter.com\/wp-content\/uploads\/sites\/2\/121292-Perspektive.jpg\",\"datePublished\":\"2020-09-11T09:16:19+00:00\",\"dateModified\":\"2021-05-25T07:39:12+00:00\",\"description\":\"Consultez toutes les informations sur le produit Huile de r\u00e9paration Admonter, 30ml et achetez en ligne directement sur le site.\",\"breadcrumb\":{\"@id\":\"https:\/\/shop.admonter.com\/fr\/produkt\/huile-de-reparation-admonter-30ml\/#breadcrumb\"},\"inLanguage\":\"fr-FR\",\"potentialAction\":[{\"@type\":\"ReadAction\",\"target\":[\"https:\/\/shop.admonter.com\/fr\/produkt\/huile-de-reparation-admonter-30ml\/\"]}]},{\"@type\":\"ImageObject\",\"inLanguage\":\"fr-FR\",\"@id\":\"https:\/\/shop.admonter.com\/fr\/produkt\/huile-de-reparation-admonter-30ml\/#primaryimage\",\"url\":\"https:\/\/shop.admonter.com\/wp-content\/uploads\/sites\/2\/121292-Perspektive.jpg\",\"contentUrl\":\"https:\/\/shop.admonter.com\/wp-content\/uploads\/sites\/2\/121292-Perspektive.jpg\",\"width\":512,\"height\":512,\"caption\":\"121292 Perspektive\"},{\"@type\":\"BreadcrumbList\",\"@id\":\"https:\/\/shop.admonter.com\/fr\/produkt\/huile-de-reparation-admonter-30ml\/#breadcrumb\",\"itemListElement\":[{\"@type\":\"ListItem\",\"position\":1,\"name\":\"Page d'accueil\",\"item\":\"https:\/\/shop.admonter.com\/fr\/\"},{\"@type\":\"ListItem\",\"position\":2,\"name\":\"Produits\",\"item\":\"https:\/\/shop.admonter.com\/fr\/shop\/\"},{\"@type\":\"ListItem\",\"position\":3,\"name\":\"121292 | Huile de r\u00e9paration Admonter, 30ml\"}]},{\"@type\":\"WebSite\",\"@id\":\"https:\/\/shop.admonter.com\/fr\/#website\",\"url\":\"https:\/\/shop.admonter.com\/fr\/\",\"name\":\"Admonter Webshop\",\"description\":\"Natures favourite designer\",\"publisher\":{\"@id\":\"https:\/\/shop.admonter.com\/fr\/#organization\"},\"potentialAction\":[{\"@type\":\"SearchAction\",\"target\":{\"@type\":\"EntryPoint\",\"urlTemplate\":\"https:\/\/shop.admonter.com\/fr\/?s={search_term_string}\"},\"query-input\":{\"@type\":\"PropertyValueSpecification\",\"valueRequired\":true,\"valueName\":\"search_term_string\"}}],\"inLanguage\":\"fr-FR\"},{\"@type\":\"Organization\",\"@id\":\"https:\/\/shop.admonter.com\/fr\/#organization\",\"name\":\"Admonter Holzindustrie AG\",\"url\":\"https:\/\/shop.admonter.com\/fr\/\",\"logo\":{\"@type\":\"ImageObject\",\"inLanguage\":\"fr-FR\",\"@id\":\"https:\/\/shop.admonter.com\/fr\/#\/schema\/logo\/image\/\",\"url\":\"https:\/\/shop.admonter.com\/wp-content\/uploads\/sites\/2\/admonter_logo.png\",\"contentUrl\":\"https:\/\/shop.admonter.com\/wp-content\/uploads\/sites\/2\/admonter_logo.png\",\"width\":592,\"height\":100,\"caption\":\"Admonter Holzindustrie AG\"},\"image\":{\"@id\":\"https:\/\/shop.admonter.com\/fr\/#\/schema\/logo\/image\/\"}}]}<\/script>\n<!-- \/ Yoast SEO Premium plugin. -->","yoast_head_json":{"title":"Huile de r\u00e9paration Admonter, 30ml - Admonter Webshop","description":"Consultez toutes les informations sur le produit Huile de r\u00e9paration Admonter, 30ml et achetez en ligne directement sur le site.","robots":{"index":"index","follow":"follow","max-snippet":"max-snippet:-1","max-image-preview":"max-image-preview:large","max-video-preview":"max-video-preview:-1"},"canonical":"https:\/\/shop.admonter.com\/fr\/produkt\/huile-de-reparation-admonter-30ml\/","og_locale":"fr_FR","og_type":"article","og_title":"Huile de r\u00e9paration Admonter, 30ml","og_description":"Consultez toutes les informations sur le produit Huile de r\u00e9paration Admonter, 30ml et achetez en ligne directement sur le site.","og_url":"https:\/\/shop.admonter.com\/fr\/produkt\/huile-de-reparation-admonter-30ml\/","og_site_name":"Admonter Webshop","article_modified_time":"2021-05-25T07:39:12+00:00","og_image":[{"width":512,"height":512,"url":"https:\/\/shop.admonter.com\/wp-content\/uploads\/sites\/2\/121292-Perspektive.jpg","type":"image\/jpeg"}],"twitter_card":"summary_large_image","schema":{"@context":"https:\/\/schema.org","@graph":[{"@type":"WebPage","@id":"https:\/\/shop.admonter.com\/fr\/produkt\/huile-de-reparation-admonter-30ml\/","url":"https:\/\/shop.admonter.com\/fr\/produkt\/huile-de-reparation-admonter-30ml\/","name":"Huile de r\u00e9paration Admonter, 30ml - Admonter Webshop","isPartOf":{"@id":"https:\/\/shop.admonter.com\/fr\/#website"},"primaryImageOfPage":{"@id":"https:\/\/shop.admonter.com\/fr\/produkt\/huile-de-reparation-admonter-30ml\/#primaryimage"},"image":{"@id":"https:\/\/shop.admonter.com\/fr\/produkt\/huile-de-reparation-admonter-30ml\/#primaryimage"},"thumbnailUrl":"https:\/\/shop.admonter.com\/wp-content\/uploads\/sites\/2\/121292-Perspektive.jpg","datePublished":"2020-09-11T09:16:19+00:00","dateModified":"2021-05-25T07:39:12+00:00","description":"Consultez toutes les informations sur le produit Huile de r\u00e9paration Admonter, 30ml et achetez en ligne directement sur le site.","breadcrumb":{"@id":"https:\/\/shop.admonter.com\/fr\/produkt\/huile-de-reparation-admonter-30ml\/#breadcrumb"},"inLanguage":"fr-FR","potentialAction":[{"@type":"ReadAction","target":["https:\/\/shop.admonter.com\/fr\/produkt\/huile-de-reparation-admonter-30ml\/"]}]},{"@type":"ImageObject","inLanguage":"fr-FR","@id":"https:\/\/shop.admonter.com\/fr\/produkt\/huile-de-reparation-admonter-30ml\/#primaryimage","url":"https:\/\/shop.admonter.com\/wp-content\/uploads\/sites\/2\/121292-Perspektive.jpg","contentUrl":"https:\/\/shop.admonter.com\/wp-content\/uploads\/sites\/2\/121292-Perspektive.jpg","width":512,"height":512,"caption":"121292 Perspektive"},{"@type":"BreadcrumbList","@id":"https:\/\/shop.admonter.com\/fr\/produkt\/huile-de-reparation-admonter-30ml\/#breadcrumb","itemListElement":[{"@type":"ListItem","position":1,"name":"Page d'accueil","item":"https:\/\/shop.admonter.com\/fr\/"},{"@type":"ListItem","position":2,"name":"Produits","item":"https:\/\/shop.admonter.com\/fr\/shop\/"},{"@type":"ListItem","position":3,"name":"121292 | Huile de r\u00e9paration Admonter, 30ml"}]},{"@type":"WebSite","@id":"https:\/\/shop.admonter.com\/fr\/#website","url":"https:\/\/shop.admonter.com\/fr\/","name":"Admonter Webshop","description":"Natures favourite designer","publisher":{"@id":"https:\/\/shop.admonter.com\/fr\/#organization"},"potentialAction":[{"@type":"SearchAction","target":{"@type":"EntryPoint","urlTemplate":"https:\/\/shop.admonter.com\/fr\/?s={search_term_string}"},"query-input":{"@type":"PropertyValueSpecification","valueRequired":true,"valueName":"search_term_string"}}],"inLanguage":"fr-FR"},{"@type":"Organization","@id":"https:\/\/shop.admonter.com\/fr\/#organization","name":"Admonter Holzindustrie AG","url":"https:\/\/shop.admonter.com\/fr\/","logo":{"@type":"ImageObject","inLanguage":"fr-FR","@id":"https:\/\/shop.admonter.com\/fr\/#\/schema\/logo\/image\/","url":"https:\/\/shop.admonter.com\/wp-content\/uploads\/sites\/2\/admonter_logo.png","contentUrl":"https:\/\/shop.admonter.com\/wp-content\/uploads\/sites\/2\/admonter_logo.png","width":592,"height":100,"caption":"Admonter Holzindustrie AG"},"image":{"@id":"https:\/\/shop.admonter.com\/fr\/#\/schema\/logo\/image\/"}}]}},"_links":{"self":[{"href":"https:\/\/shop.admonter.com\/fr\/wp-json\/wp\/v2\/product\/13957","targetHints":{"allow":["GET"]}}],"collection":[{"href":"https:\/\/shop.admonter.com\/fr\/wp-json\/wp\/v2\/product"}],"about":[{"href":"https:\/\/shop.admonter.com\/fr\/wp-json\/wp\/v2\/types\/product"}],"wp:featuredmedia":[{"embeddable":true,"href":"https:\/\/shop.admonter.com\/fr\/wp-json\/wp\/v2\/media\/11046"}],"wp:attachment":[{"href":"https:\/\/shop.admonter.com\/fr\/wp-json\/wp\/v2\/media?parent=13957"}],"wp:term":[{"taxonomy":"product_brand","embeddable":true,"href":"https:\/\/shop.admonter.com\/fr\/wp-json\/wp\/v2\/product_brand?post=13957"},{"taxonomy":"product_cat","embeddable":true,"href":"https:\/\/shop.admonter.com\/fr\/wp-json\/wp\/v2\/product_cat?post=13957"},{"taxonomy":"product_tag","embeddable":true,"href":"https:\/\/shop.admonter.com\/fr\/wp-json\/wp\/v2\/product_tag?post=13957"}],"curies":[{"name":"wp","href":"https:\/\/api.w.org\/{rel}","templated":true}]}}