{"id":11349,"date":"2020-09-15T14:48:12","date_gmt":"2020-09-15T12:48:12","guid":{"rendered":"https:\/\/shop.admonter.com\/produkt\/meleze-lessive-naturelle-15x195x2400mm\/"},"modified":"2025-11-24T18:51:25","modified_gmt":"2025-11-24T16:51:25","slug":"meleze-lessive-naturelle","status":"publish","type":"product","link":"https:\/\/shop.admonter.com\/fr\/produkt\/meleze-lessive-naturelle\/","title":{"rendered":"118906 | M\u00e9l\u00e8ze lessiv\u00e9"},"content":{"rendered":"<p><br data-mce-bogus=\"1\"><\/p>\n","protected":false},"excerpt":{"rendered":"<p>Avec son doux ton brun, le m\u00e9l\u00e8ze lessiv\u00e9 apporte calme et s\u00e9curit\u00e9 dans chaque maison. Les lames de l&#8217;assemblage naturelle ont une finition marron et leur aspect vif conf\u00e8re un caract\u00e8re unique \u00e0 l&#8217;espace de vie.<\/p>\n","protected":false},"featured_media":10415,"template":"","meta":{"_acf_changed":false},"product_brand":[],"product_cat":[271],"product_tag":[],"class_list":{"0":"post-11349","1":"product","2":"type-product","3":"status-publish","4":"has-post-thumbnail","6":"product_cat-floors-fr","7":"product_shipping_class-mainproduct-fr","9":"first","10":"instock","11":"taxable","12":"shipping-taxable","13":"purchasable","14":"product-type-simple"},"acf":[],"yoast_head":"<!-- This site is optimized with the Yoast SEO Premium plugin v20.8 (Yoast SEO v26.8) - https:\/\/yoast.com\/product\/yoast-seo-premium-wordpress\/ -->\n<title>M\u00e9l\u00e8ze lessiv\u00e9 - Admonter Webshop<\/title>\n<meta name=\"description\" content=\"Consultez toutes les informations sur le produit M\u00e9l\u00e8ze lessiv\u00e9 et achetez en ligne directement sur le site.\" \/>\n<meta name=\"robots\" content=\"index, follow, max-snippet:-1, max-image-preview:large, max-video-preview:-1\" \/>\n<link rel=\"canonical\" href=\"https:\/\/shop.admonter.com\/fr\/produkt\/meleze-lessive-naturelle\/\" \/>\n<meta property=\"og:locale\" content=\"fr_FR\" \/>\n<meta property=\"og:type\" content=\"article\" \/>\n<meta property=\"og:title\" content=\"M\u00e9l\u00e8ze lessiv\u00e9\" \/>\n<meta property=\"og:description\" content=\"Consultez toutes les informations sur le produit M\u00e9l\u00e8ze lessiv\u00e9 et achetez en ligne directement sur le site.\" \/>\n<meta property=\"og:url\" content=\"https:\/\/shop.admonter.com\/fr\/produkt\/meleze-lessive-naturelle\/\" \/>\n<meta property=\"og:site_name\" content=\"Admonter Webshop\" \/>\n<meta property=\"article:modified_time\" content=\"2025-11-24T16:51:25+00:00\" \/>\n<meta property=\"og:image\" content=\"https:\/\/shop.admonter.com\/wp-content\/uploads\/sites\/2\/118906-Perspektive.jpg\" \/>\n\t<meta property=\"og:image:width\" content=\"759\" \/>\n\t<meta property=\"og:image:height\" content=\"1080\" \/>\n\t<meta property=\"og:image:type\" content=\"image\/jpeg\" \/>\n<meta name=\"twitter:card\" content=\"summary_large_image\" \/>\n<meta name=\"twitter:label1\" content=\"Dur\u00e9e de lecture estim\u00e9e\" \/>\n\t<meta name=\"twitter:data1\" content=\"1 minute\" \/>\n<script type=\"application\/ld+json\" class=\"yoast-schema-graph\">{\"@context\":\"https:\/\/schema.org\",\"@graph\":[{\"@type\":\"WebPage\",\"@id\":\"https:\/\/shop.admonter.com\/fr\/produkt\/meleze-lessive-naturelle\/\",\"url\":\"https:\/\/shop.admonter.com\/fr\/produkt\/meleze-lessive-naturelle\/\",\"name\":\"M\u00e9l\u00e8ze lessiv\u00e9 - Admonter Webshop\",\"isPartOf\":{\"@id\":\"https:\/\/shop.admonter.com\/fr\/#website\"},\"primaryImageOfPage\":{\"@id\":\"https:\/\/shop.admonter.com\/fr\/produkt\/meleze-lessive-naturelle\/#primaryimage\"},\"image\":{\"@id\":\"https:\/\/shop.admonter.com\/fr\/produkt\/meleze-lessive-naturelle\/#primaryimage\"},\"thumbnailUrl\":\"https:\/\/shop.admonter.com\/wp-content\/uploads\/sites\/2\/118906-Perspektive.jpg\",\"datePublished\":\"2020-09-15T12:48:12+00:00\",\"dateModified\":\"2025-11-24T16:51:25+00:00\",\"description\":\"Consultez toutes les informations sur le produit M\u00e9l\u00e8ze lessiv\u00e9 et achetez en ligne directement sur le site.\",\"breadcrumb\":{\"@id\":\"https:\/\/shop.admonter.com\/fr\/produkt\/meleze-lessive-naturelle\/#breadcrumb\"},\"inLanguage\":\"fr-FR\",\"potentialAction\":[{\"@type\":\"ReadAction\",\"target\":[\"https:\/\/shop.admonter.com\/fr\/produkt\/meleze-lessive-naturelle\/\"]}]},{\"@type\":\"ImageObject\",\"inLanguage\":\"fr-FR\",\"@id\":\"https:\/\/shop.admonter.com\/fr\/produkt\/meleze-lessive-naturelle\/#primaryimage\",\"url\":\"https:\/\/shop.admonter.com\/wp-content\/uploads\/sites\/2\/118906-Perspektive.jpg\",\"contentUrl\":\"https:\/\/shop.admonter.com\/wp-content\/uploads\/sites\/2\/118906-Perspektive.jpg\",\"width\":759,\"height\":1080,\"caption\":\"118906 Perspektive\"},{\"@type\":\"BreadcrumbList\",\"@id\":\"https:\/\/shop.admonter.com\/fr\/produkt\/meleze-lessive-naturelle\/#breadcrumb\",\"itemListElement\":[{\"@type\":\"ListItem\",\"position\":1,\"name\":\"Page d'accueil\",\"item\":\"https:\/\/shop.admonter.com\/fr\/\"},{\"@type\":\"ListItem\",\"position\":2,\"name\":\"Produits\",\"item\":\"https:\/\/shop.admonter.com\/fr\/shop\/\"},{\"@type\":\"ListItem\",\"position\":3,\"name\":\"118906 | M\u00e9l\u00e8ze lessiv\u00e9\"}]},{\"@type\":\"WebSite\",\"@id\":\"https:\/\/shop.admonter.com\/fr\/#website\",\"url\":\"https:\/\/shop.admonter.com\/fr\/\",\"name\":\"Admonter Webshop\",\"description\":\"Natures favourite designer\",\"publisher\":{\"@id\":\"https:\/\/shop.admonter.com\/fr\/#organization\"},\"potentialAction\":[{\"@type\":\"SearchAction\",\"target\":{\"@type\":\"EntryPoint\",\"urlTemplate\":\"https:\/\/shop.admonter.com\/fr\/?s={search_term_string}\"},\"query-input\":{\"@type\":\"PropertyValueSpecification\",\"valueRequired\":true,\"valueName\":\"search_term_string\"}}],\"inLanguage\":\"fr-FR\"},{\"@type\":\"Organization\",\"@id\":\"https:\/\/shop.admonter.com\/fr\/#organization\",\"name\":\"Admonter Holzindustrie AG\",\"url\":\"https:\/\/shop.admonter.com\/fr\/\",\"logo\":{\"@type\":\"ImageObject\",\"inLanguage\":\"fr-FR\",\"@id\":\"https:\/\/shop.admonter.com\/fr\/#\/schema\/logo\/image\/\",\"url\":\"https:\/\/shop.admonter.com\/wp-content\/uploads\/sites\/2\/admonter_logo.png\",\"contentUrl\":\"https:\/\/shop.admonter.com\/wp-content\/uploads\/sites\/2\/admonter_logo.png\",\"width\":592,\"height\":100,\"caption\":\"Admonter Holzindustrie AG\"},\"image\":{\"@id\":\"https:\/\/shop.admonter.com\/fr\/#\/schema\/logo\/image\/\"}}]}<\/script>\n<!-- \/ Yoast SEO Premium plugin. -->","yoast_head_json":{"title":"M\u00e9l\u00e8ze lessiv\u00e9 - Admonter Webshop","description":"Consultez toutes les informations sur le produit M\u00e9l\u00e8ze lessiv\u00e9 et achetez en ligne directement sur le site.","robots":{"index":"index","follow":"follow","max-snippet":"max-snippet:-1","max-image-preview":"max-image-preview:large","max-video-preview":"max-video-preview:-1"},"canonical":"https:\/\/shop.admonter.com\/fr\/produkt\/meleze-lessive-naturelle\/","og_locale":"fr_FR","og_type":"article","og_title":"M\u00e9l\u00e8ze lessiv\u00e9","og_description":"Consultez toutes les informations sur le produit M\u00e9l\u00e8ze lessiv\u00e9 et achetez en ligne directement sur le site.","og_url":"https:\/\/shop.admonter.com\/fr\/produkt\/meleze-lessive-naturelle\/","og_site_name":"Admonter Webshop","article_modified_time":"2025-11-24T16:51:25+00:00","og_image":[{"width":759,"height":1080,"url":"https:\/\/shop.admonter.com\/wp-content\/uploads\/sites\/2\/118906-Perspektive.jpg","type":"image\/jpeg"}],"twitter_card":"summary_large_image","twitter_misc":{"Dur\u00e9e de lecture estim\u00e9e":"1 minute"},"schema":{"@context":"https:\/\/schema.org","@graph":[{"@type":"WebPage","@id":"https:\/\/shop.admonter.com\/fr\/produkt\/meleze-lessive-naturelle\/","url":"https:\/\/shop.admonter.com\/fr\/produkt\/meleze-lessive-naturelle\/","name":"M\u00e9l\u00e8ze lessiv\u00e9 - Admonter Webshop","isPartOf":{"@id":"https:\/\/shop.admonter.com\/fr\/#website"},"primaryImageOfPage":{"@id":"https:\/\/shop.admonter.com\/fr\/produkt\/meleze-lessive-naturelle\/#primaryimage"},"image":{"@id":"https:\/\/shop.admonter.com\/fr\/produkt\/meleze-lessive-naturelle\/#primaryimage"},"thumbnailUrl":"https:\/\/shop.admonter.com\/wp-content\/uploads\/sites\/2\/118906-Perspektive.jpg","datePublished":"2020-09-15T12:48:12+00:00","dateModified":"2025-11-24T16:51:25+00:00","description":"Consultez toutes les informations sur le produit M\u00e9l\u00e8ze lessiv\u00e9 et achetez en ligne directement sur le site.","breadcrumb":{"@id":"https:\/\/shop.admonter.com\/fr\/produkt\/meleze-lessive-naturelle\/#breadcrumb"},"inLanguage":"fr-FR","potentialAction":[{"@type":"ReadAction","target":["https:\/\/shop.admonter.com\/fr\/produkt\/meleze-lessive-naturelle\/"]}]},{"@type":"ImageObject","inLanguage":"fr-FR","@id":"https:\/\/shop.admonter.com\/fr\/produkt\/meleze-lessive-naturelle\/#primaryimage","url":"https:\/\/shop.admonter.com\/wp-content\/uploads\/sites\/2\/118906-Perspektive.jpg","contentUrl":"https:\/\/shop.admonter.com\/wp-content\/uploads\/sites\/2\/118906-Perspektive.jpg","width":759,"height":1080,"caption":"118906 Perspektive"},{"@type":"BreadcrumbList","@id":"https:\/\/shop.admonter.com\/fr\/produkt\/meleze-lessive-naturelle\/#breadcrumb","itemListElement":[{"@type":"ListItem","position":1,"name":"Page d'accueil","item":"https:\/\/shop.admonter.com\/fr\/"},{"@type":"ListItem","position":2,"name":"Produits","item":"https:\/\/shop.admonter.com\/fr\/shop\/"},{"@type":"ListItem","position":3,"name":"118906 | M\u00e9l\u00e8ze lessiv\u00e9"}]},{"@type":"WebSite","@id":"https:\/\/shop.admonter.com\/fr\/#website","url":"https:\/\/shop.admonter.com\/fr\/","name":"Admonter Webshop","description":"Natures favourite designer","publisher":{"@id":"https:\/\/shop.admonter.com\/fr\/#organization"},"potentialAction":[{"@type":"SearchAction","target":{"@type":"EntryPoint","urlTemplate":"https:\/\/shop.admonter.com\/fr\/?s={search_term_string}"},"query-input":{"@type":"PropertyValueSpecification","valueRequired":true,"valueName":"search_term_string"}}],"inLanguage":"fr-FR"},{"@type":"Organization","@id":"https:\/\/shop.admonter.com\/fr\/#organization","name":"Admonter Holzindustrie AG","url":"https:\/\/shop.admonter.com\/fr\/","logo":{"@type":"ImageObject","inLanguage":"fr-FR","@id":"https:\/\/shop.admonter.com\/fr\/#\/schema\/logo\/image\/","url":"https:\/\/shop.admonter.com\/wp-content\/uploads\/sites\/2\/admonter_logo.png","contentUrl":"https:\/\/shop.admonter.com\/wp-content\/uploads\/sites\/2\/admonter_logo.png","width":592,"height":100,"caption":"Admonter Holzindustrie AG"},"image":{"@id":"https:\/\/shop.admonter.com\/fr\/#\/schema\/logo\/image\/"}}]}},"_links":{"self":[{"href":"https:\/\/shop.admonter.com\/fr\/wp-json\/wp\/v2\/product\/11349","targetHints":{"allow":["GET"]}}],"collection":[{"href":"https:\/\/shop.admonter.com\/fr\/wp-json\/wp\/v2\/product"}],"about":[{"href":"https:\/\/shop.admonter.com\/fr\/wp-json\/wp\/v2\/types\/product"}],"wp:featuredmedia":[{"embeddable":true,"href":"https:\/\/shop.admonter.com\/fr\/wp-json\/wp\/v2\/media\/10415"}],"wp:attachment":[{"href":"https:\/\/shop.admonter.com\/fr\/wp-json\/wp\/v2\/media?parent=11349"}],"wp:term":[{"taxonomy":"product_brand","embeddable":true,"href":"https:\/\/shop.admonter.com\/fr\/wp-json\/wp\/v2\/product_brand?post=11349"},{"taxonomy":"product_cat","embeddable":true,"href":"https:\/\/shop.admonter.com\/fr\/wp-json\/wp\/v2\/product_cat?post=11349"},{"taxonomy":"product_tag","embeddable":true,"href":"https:\/\/shop.admonter.com\/fr\/wp-json\/wp\/v2\/product_tag?post=11349"}],"curies":[{"name":"wp","href":"https:\/\/api.w.org\/{rel}","templated":true}]}}