{"id":11332,"date":"2020-09-15T14:48:14","date_gmt":"2020-09-15T12:48:14","guid":{"rendered":"https:\/\/shop.admonter.com\/produkt\/meleze-ancien-natura-naturelle-15x195x2000mm\/"},"modified":"2026-04-01T11:18:23","modified_gmt":"2026-04-01T09:18:23","slug":"meleze-a-lancienne-natura","status":"publish","type":"product","link":"https:\/\/shop.admonter.com\/fr\/produkt\/meleze-a-lancienne-natura\/","title":{"rendered":"118336 | M\u00e9l\u00e8ze \u00e0 l&#8217;ancienne Natura"},"content":{"rendered":"","protected":false},"excerpt":{"rendered":"<p>Les parquets non trait\u00e9s exercent une fascination tr\u00e8s particuli\u00e8re. Avec le m\u00e9l\u00e8ze \u00e0 l&#8217;ancienne Natura, nous avons essay\u00e9 de capturer cette structure tout en lui donnant une surface lisse, pure et douce. Les lames de l&#8217;assemblage naturelle ont une finition marron et leur aspect vif conf\u00e8re un caract\u00e8re unique \u00e0 l&#8217;espace de vie.<\/p>\n","protected":false},"featured_media":10315,"template":"","meta":{"_acf_changed":false},"product_brand":[],"product_cat":[271],"product_tag":[],"class_list":{"0":"post-11332","1":"product","2":"type-product","3":"status-publish","4":"has-post-thumbnail","6":"product_cat-floors-fr","7":"product_shipping_class-mainproduct-fr","9":"first","10":"instock","11":"taxable","12":"shipping-taxable","13":"purchasable","14":"product-type-simple"},"acf":[],"yoast_head":"<!-- This site is optimized with the Yoast SEO Premium plugin v20.8 (Yoast SEO v26.8) - https:\/\/yoast.com\/product\/yoast-seo-premium-wordpress\/ -->\n<title>M\u00e9l\u00e8ze \u00e0 l&#039;ancienne Natura - Admonter Webshop<\/title>\n<meta name=\"description\" content=\"Consultez toutes les informations sur le produit M\u00e9l\u00e8ze \u00e0 l&#039;ancienne Natura et achetez en ligne directement sur le site.\" \/>\n<meta name=\"robots\" content=\"index, follow, max-snippet:-1, max-image-preview:large, max-video-preview:-1\" \/>\n<link rel=\"canonical\" href=\"https:\/\/shop.admonter.com\/fr\/produkt\/meleze-a-lancienne-natura\/\" \/>\n<meta property=\"og:locale\" content=\"fr_FR\" \/>\n<meta property=\"og:type\" content=\"article\" \/>\n<meta property=\"og:title\" content=\"M\u00e9l\u00e8ze \u00e0 l&#039;ancienne Natura\" \/>\n<meta property=\"og:description\" content=\"Consultez toutes les informations sur le produit M\u00e9l\u00e8ze \u00e0 l&#039;ancienne Natura et achetez en ligne directement sur le site.\" \/>\n<meta property=\"og:url\" content=\"https:\/\/shop.admonter.com\/fr\/produkt\/meleze-a-lancienne-natura\/\" \/>\n<meta property=\"og:site_name\" content=\"Admonter Webshop\" \/>\n<meta property=\"article:modified_time\" content=\"2026-04-01T09:18:23+00:00\" \/>\n<meta property=\"og:image\" content=\"https:\/\/shop.admonter.com\/wp-content\/uploads\/sites\/2\/118336-Perspektive.jpg\" \/>\n\t<meta property=\"og:image:width\" content=\"720\" \/>\n\t<meta property=\"og:image:height\" content=\"1080\" \/>\n\t<meta property=\"og:image:type\" content=\"image\/jpeg\" \/>\n<meta name=\"twitter:card\" content=\"summary_large_image\" \/>\n<meta name=\"twitter:label1\" content=\"Dur\u00e9e de lecture estim\u00e9e\" \/>\n\t<meta name=\"twitter:data1\" content=\"1 minute\" \/>\n<script type=\"application\/ld+json\" class=\"yoast-schema-graph\">{\"@context\":\"https:\/\/schema.org\",\"@graph\":[{\"@type\":\"WebPage\",\"@id\":\"https:\/\/shop.admonter.com\/fr\/produkt\/meleze-a-lancienne-natura\/\",\"url\":\"https:\/\/shop.admonter.com\/fr\/produkt\/meleze-a-lancienne-natura\/\",\"name\":\"M\u00e9l\u00e8ze \u00e0 l'ancienne Natura - Admonter Webshop\",\"isPartOf\":{\"@id\":\"https:\/\/shop.admonter.com\/fr\/#website\"},\"primaryImageOfPage\":{\"@id\":\"https:\/\/shop.admonter.com\/fr\/produkt\/meleze-a-lancienne-natura\/#primaryimage\"},\"image\":{\"@id\":\"https:\/\/shop.admonter.com\/fr\/produkt\/meleze-a-lancienne-natura\/#primaryimage\"},\"thumbnailUrl\":\"https:\/\/shop.admonter.com\/wp-content\/uploads\/sites\/2\/118336-Perspektive.jpg\",\"datePublished\":\"2020-09-15T12:48:14+00:00\",\"dateModified\":\"2026-04-01T09:18:23+00:00\",\"description\":\"Consultez toutes les informations sur le produit M\u00e9l\u00e8ze \u00e0 l'ancienne Natura et achetez en ligne directement sur le site.\",\"breadcrumb\":{\"@id\":\"https:\/\/shop.admonter.com\/fr\/produkt\/meleze-a-lancienne-natura\/#breadcrumb\"},\"inLanguage\":\"fr-FR\",\"potentialAction\":[{\"@type\":\"ReadAction\",\"target\":[\"https:\/\/shop.admonter.com\/fr\/produkt\/meleze-a-lancienne-natura\/\"]}]},{\"@type\":\"ImageObject\",\"inLanguage\":\"fr-FR\",\"@id\":\"https:\/\/shop.admonter.com\/fr\/produkt\/meleze-a-lancienne-natura\/#primaryimage\",\"url\":\"https:\/\/shop.admonter.com\/wp-content\/uploads\/sites\/2\/118336-Perspektive.jpg\",\"contentUrl\":\"https:\/\/shop.admonter.com\/wp-content\/uploads\/sites\/2\/118336-Perspektive.jpg\",\"width\":720,\"height\":1080,\"caption\":\"118336 Perspektive\"},{\"@type\":\"BreadcrumbList\",\"@id\":\"https:\/\/shop.admonter.com\/fr\/produkt\/meleze-a-lancienne-natura\/#breadcrumb\",\"itemListElement\":[{\"@type\":\"ListItem\",\"position\":1,\"name\":\"Page d'accueil\",\"item\":\"https:\/\/shop.admonter.com\/fr\/\"},{\"@type\":\"ListItem\",\"position\":2,\"name\":\"Produits\",\"item\":\"https:\/\/shop.admonter.com\/fr\/shop\/\"},{\"@type\":\"ListItem\",\"position\":3,\"name\":\"118336 | M\u00e9l\u00e8ze \u00e0 l&#8217;ancienne Natura\"}]},{\"@type\":\"WebSite\",\"@id\":\"https:\/\/shop.admonter.com\/fr\/#website\",\"url\":\"https:\/\/shop.admonter.com\/fr\/\",\"name\":\"Admonter Webshop\",\"description\":\"Natures favourite designer\",\"publisher\":{\"@id\":\"https:\/\/shop.admonter.com\/fr\/#organization\"},\"potentialAction\":[{\"@type\":\"SearchAction\",\"target\":{\"@type\":\"EntryPoint\",\"urlTemplate\":\"https:\/\/shop.admonter.com\/fr\/?s={search_term_string}\"},\"query-input\":{\"@type\":\"PropertyValueSpecification\",\"valueRequired\":true,\"valueName\":\"search_term_string\"}}],\"inLanguage\":\"fr-FR\"},{\"@type\":\"Organization\",\"@id\":\"https:\/\/shop.admonter.com\/fr\/#organization\",\"name\":\"Admonter Holzindustrie AG\",\"url\":\"https:\/\/shop.admonter.com\/fr\/\",\"logo\":{\"@type\":\"ImageObject\",\"inLanguage\":\"fr-FR\",\"@id\":\"https:\/\/shop.admonter.com\/fr\/#\/schema\/logo\/image\/\",\"url\":\"https:\/\/shop.admonter.com\/wp-content\/uploads\/sites\/2\/admonter_logo.png\",\"contentUrl\":\"https:\/\/shop.admonter.com\/wp-content\/uploads\/sites\/2\/admonter_logo.png\",\"width\":592,\"height\":100,\"caption\":\"Admonter Holzindustrie AG\"},\"image\":{\"@id\":\"https:\/\/shop.admonter.com\/fr\/#\/schema\/logo\/image\/\"}}]}<\/script>\n<!-- \/ Yoast SEO Premium plugin. -->","yoast_head_json":{"title":"M\u00e9l\u00e8ze \u00e0 l'ancienne Natura - Admonter Webshop","description":"Consultez toutes les informations sur le produit M\u00e9l\u00e8ze \u00e0 l'ancienne Natura et achetez en ligne directement sur le site.","robots":{"index":"index","follow":"follow","max-snippet":"max-snippet:-1","max-image-preview":"max-image-preview:large","max-video-preview":"max-video-preview:-1"},"canonical":"https:\/\/shop.admonter.com\/fr\/produkt\/meleze-a-lancienne-natura\/","og_locale":"fr_FR","og_type":"article","og_title":"M\u00e9l\u00e8ze \u00e0 l'ancienne Natura","og_description":"Consultez toutes les informations sur le produit M\u00e9l\u00e8ze \u00e0 l'ancienne Natura et achetez en ligne directement sur le site.","og_url":"https:\/\/shop.admonter.com\/fr\/produkt\/meleze-a-lancienne-natura\/","og_site_name":"Admonter Webshop","article_modified_time":"2026-04-01T09:18:23+00:00","og_image":[{"width":720,"height":1080,"url":"https:\/\/shop.admonter.com\/wp-content\/uploads\/sites\/2\/118336-Perspektive.jpg","type":"image\/jpeg"}],"twitter_card":"summary_large_image","twitter_misc":{"Dur\u00e9e de lecture estim\u00e9e":"1 minute"},"schema":{"@context":"https:\/\/schema.org","@graph":[{"@type":"WebPage","@id":"https:\/\/shop.admonter.com\/fr\/produkt\/meleze-a-lancienne-natura\/","url":"https:\/\/shop.admonter.com\/fr\/produkt\/meleze-a-lancienne-natura\/","name":"M\u00e9l\u00e8ze \u00e0 l'ancienne Natura - Admonter Webshop","isPartOf":{"@id":"https:\/\/shop.admonter.com\/fr\/#website"},"primaryImageOfPage":{"@id":"https:\/\/shop.admonter.com\/fr\/produkt\/meleze-a-lancienne-natura\/#primaryimage"},"image":{"@id":"https:\/\/shop.admonter.com\/fr\/produkt\/meleze-a-lancienne-natura\/#primaryimage"},"thumbnailUrl":"https:\/\/shop.admonter.com\/wp-content\/uploads\/sites\/2\/118336-Perspektive.jpg","datePublished":"2020-09-15T12:48:14+00:00","dateModified":"2026-04-01T09:18:23+00:00","description":"Consultez toutes les informations sur le produit M\u00e9l\u00e8ze \u00e0 l'ancienne Natura et achetez en ligne directement sur le site.","breadcrumb":{"@id":"https:\/\/shop.admonter.com\/fr\/produkt\/meleze-a-lancienne-natura\/#breadcrumb"},"inLanguage":"fr-FR","potentialAction":[{"@type":"ReadAction","target":["https:\/\/shop.admonter.com\/fr\/produkt\/meleze-a-lancienne-natura\/"]}]},{"@type":"ImageObject","inLanguage":"fr-FR","@id":"https:\/\/shop.admonter.com\/fr\/produkt\/meleze-a-lancienne-natura\/#primaryimage","url":"https:\/\/shop.admonter.com\/wp-content\/uploads\/sites\/2\/118336-Perspektive.jpg","contentUrl":"https:\/\/shop.admonter.com\/wp-content\/uploads\/sites\/2\/118336-Perspektive.jpg","width":720,"height":1080,"caption":"118336 Perspektive"},{"@type":"BreadcrumbList","@id":"https:\/\/shop.admonter.com\/fr\/produkt\/meleze-a-lancienne-natura\/#breadcrumb","itemListElement":[{"@type":"ListItem","position":1,"name":"Page d'accueil","item":"https:\/\/shop.admonter.com\/fr\/"},{"@type":"ListItem","position":2,"name":"Produits","item":"https:\/\/shop.admonter.com\/fr\/shop\/"},{"@type":"ListItem","position":3,"name":"118336 | M\u00e9l\u00e8ze \u00e0 l&#8217;ancienne Natura"}]},{"@type":"WebSite","@id":"https:\/\/shop.admonter.com\/fr\/#website","url":"https:\/\/shop.admonter.com\/fr\/","name":"Admonter Webshop","description":"Natures favourite designer","publisher":{"@id":"https:\/\/shop.admonter.com\/fr\/#organization"},"potentialAction":[{"@type":"SearchAction","target":{"@type":"EntryPoint","urlTemplate":"https:\/\/shop.admonter.com\/fr\/?s={search_term_string}"},"query-input":{"@type":"PropertyValueSpecification","valueRequired":true,"valueName":"search_term_string"}}],"inLanguage":"fr-FR"},{"@type":"Organization","@id":"https:\/\/shop.admonter.com\/fr\/#organization","name":"Admonter Holzindustrie AG","url":"https:\/\/shop.admonter.com\/fr\/","logo":{"@type":"ImageObject","inLanguage":"fr-FR","@id":"https:\/\/shop.admonter.com\/fr\/#\/schema\/logo\/image\/","url":"https:\/\/shop.admonter.com\/wp-content\/uploads\/sites\/2\/admonter_logo.png","contentUrl":"https:\/\/shop.admonter.com\/wp-content\/uploads\/sites\/2\/admonter_logo.png","width":592,"height":100,"caption":"Admonter Holzindustrie AG"},"image":{"@id":"https:\/\/shop.admonter.com\/fr\/#\/schema\/logo\/image\/"}}]}},"_links":{"self":[{"href":"https:\/\/shop.admonter.com\/fr\/wp-json\/wp\/v2\/product\/11332","targetHints":{"allow":["GET"]}}],"collection":[{"href":"https:\/\/shop.admonter.com\/fr\/wp-json\/wp\/v2\/product"}],"about":[{"href":"https:\/\/shop.admonter.com\/fr\/wp-json\/wp\/v2\/types\/product"}],"wp:featuredmedia":[{"embeddable":true,"href":"https:\/\/shop.admonter.com\/fr\/wp-json\/wp\/v2\/media\/10315"}],"wp:attachment":[{"href":"https:\/\/shop.admonter.com\/fr\/wp-json\/wp\/v2\/media?parent=11332"}],"wp:term":[{"taxonomy":"product_brand","embeddable":true,"href":"https:\/\/shop.admonter.com\/fr\/wp-json\/wp\/v2\/product_brand?post=11332"},{"taxonomy":"product_cat","embeddable":true,"href":"https:\/\/shop.admonter.com\/fr\/wp-json\/wp\/v2\/product_cat?post=11332"},{"taxonomy":"product_tag","embeddable":true,"href":"https:\/\/shop.admonter.com\/fr\/wp-json\/wp\/v2\/product_tag?post=11332"}],"curies":[{"name":"wp","href":"https:\/\/api.w.org\/{rel}","templated":true}]}}