{"id":3874,"date":"2020-04-20T11:34:44","date_gmt":"2020-04-20T09:34:44","guid":{"rendered":"https:\/\/local.admonter.at\/b2b-login\/"},"modified":"2022-02-16T15:34:07","modified_gmt":"2022-02-16T13:34:07","slug":"b2b-login","status":"publish","type":"page","link":"https:\/\/shop.admonter.com\/fr\/b2b-login\/","title":{"rendered":"Connexion client"},"content":{"rendered":"\t\t<div data-elementor-type=\"wp-page\" data-elementor-id=\"3874\" class=\"elementor elementor-3874 elementor-1220\" data-elementor-post-type=\"page\">\n\t\t\t\t\t\t<section class=\"elementor-section elementor-top-section elementor-element elementor-element-15e785b elementor-section-height-min-height elementor-section-boxed elementor-section-height-default elementor-section-items-middle\" data-id=\"15e785b\" data-element_type=\"section\">\n\t\t\t\t\t\t<div class=\"elementor-container elementor-column-gap-default\">\n\t\t\t\t\t<div class=\"elementor-column elementor-col-100 elementor-top-column elementor-element elementor-element-8a71f24\" data-id=\"8a71f24\" data-element_type=\"column\">\n\t\t\t<div class=\"elementor-widget-wrap elementor-element-populated\">\n\t\t\t\t\t\t<div class=\"elementor-element elementor-element-60c8de1 elementor-widget__width-auto elementor-widget elementor-widget-shortcode\" data-id=\"60c8de1\" data-element_type=\"widget\" data-widget_type=\"shortcode.default\">\n\t\t\t\t<div class=\"elementor-widget-container\">\n\t\t\t\t\t\t\t<div class=\"elementor-shortcode\">\n<div\n\t role=\"navigation\" aria-label=\"S\u00e9lecteur de langue\" class=\"wpml-ls-statics-shortcode_actions wpml-ls wpml-ls-legacy-dropdown js-wpml-ls-legacy-dropdown\">\n\t<ul>\n\t\t<li class=\"wpml-ls-slot-shortcode_actions wpml-ls-item wpml-ls-item-fr wpml-ls-current-language wpml-ls-item-legacy-dropdown\">\n\t\t\t<a href=\"#\" hreflang=\"\" lang=\"\" class=\"js-wpml-ls-item-toggle wpml-ls-item-toggle\" aria-current=\"page\" aria-expanded=\"false\" aria-controls=\"wpml-ls-submenu-default\" aria-label=\"S\u00e9lecteur de langue, appuyez sur tabulation pour naviguer vers d&#039;autres langues\" title=\"Passer \u00e0 FR\">\n\t\t\t\t<span class=\"wpml-ls-native\">FR<\/span><\/a>\n\n\t\t\t<ul id=\"wpml-ls-submenu-default\" class=\"wpml-ls-sub-menu\">\n\t\t\t\t\n\t\t\t\t\t<li class=\"wpml-ls-slot-shortcode_actions wpml-ls-item wpml-ls-item-de wpml-ls-first-item\">\n\t\t\t\t\t\t<a href=\"https:\/\/shop.admonter.com\/de\/\" hreflang=\"de\" lang=\"de\" class=\"wpml-ls-link\" aria-label=\"Passer \u00e0 DE\" title=\"Passer \u00e0 DE\">\n\t\t\t\t\t\t\t<span class=\"wpml-ls-native\">DE<\/span><\/a>\n\t\t\t\t\t<\/li>\n\n\t\t\t\t\n\t\t\t\t\t<li class=\"wpml-ls-slot-shortcode_actions wpml-ls-item wpml-ls-item-en\">\n\t\t\t\t\t\t<a href=\"https:\/\/shop.admonter.com\/en\/\" hreflang=\"en\" lang=\"en\" class=\"wpml-ls-link\" aria-label=\"Passer \u00e0 EN\" title=\"Passer \u00e0 EN\">\n\t\t\t\t\t\t\t<span class=\"wpml-ls-native\">EN<\/span><\/a>\n\t\t\t\t\t<\/li>\n\n\t\t\t\t\n\t\t\t\t\t<li class=\"wpml-ls-slot-shortcode_actions wpml-ls-item wpml-ls-item-it\">\n\t\t\t\t\t\t<a href=\"https:\/\/shop.admonter.com\/it\/\" hreflang=\"it\" lang=\"it\" class=\"wpml-ls-link\" aria-label=\"Passer \u00e0 IT\" title=\"Passer \u00e0 IT\">\n\t\t\t\t\t\t\t<span class=\"wpml-ls-native\">IT<\/span><\/a>\n\t\t\t\t\t<\/li>\n\n\t\t\t\t\n\t\t\t\t\t<li class=\"wpml-ls-slot-shortcode_actions wpml-ls-item wpml-ls-item-es wpml-ls-last-item\">\n\t\t\t\t\t\t<a href=\"https:\/\/shop.admonter.com\/es\/\" hreflang=\"es\" lang=\"es\" class=\"wpml-ls-link\" aria-label=\"Passer \u00e0 ES\" title=\"Passer \u00e0 ES\">\n\t\t\t\t\t\t\t<span class=\"wpml-ls-native\">ES<\/span><\/a>\n\t\t\t\t\t<\/li>\n\n\t\t\t\t\t\t\t<\/ul>\n\n\t\t<\/li>\n\n\t<\/ul>\n<\/div>\n<\/div>\n\t\t\t\t\t\t<\/div>\n\t\t\t\t<\/div>\n\t\t\t\t<div class=\"elementor-element elementor-element-c1fe4a7 elementor-widget elementor-widget-LCYD_Heading\" data-id=\"c1fe4a7\" data-element_type=\"widget\" data-widget_type=\"LCYD_Heading.default\">\n\t\t\t\t<div class=\"elementor-widget-container\">\n\t\t\t\t\t<h2 class=\"elementor-heading-title elementor-size-default\">Login<\/h2>\t\t\t\t<\/div>\n\t\t\t\t<\/div>\n\t\t\t\t<div class=\"elementor-element elementor-element-4f09a9e elementor-widget elementor-widget-LCYD_TextEditor\" data-id=\"4f09a9e\" data-element_type=\"widget\" data-widget_type=\"LCYD_TextEditor.default\">\n\t\t\t\t<div class=\"elementor-widget-container\">\n\t\t\t\t\t\t\t\t\t<p class=\"p1\"><span class=\"s1\">En tant que client Admonter B2B, votre num\u00e9ro de client existant vous donne \u00e9galement acc\u00e8s \u00e0 notre toute nouvelle boutique en \u00e9dition limit\u00e9e.<\/span><\/p>\n<p class=\"p1\"><span class=\"s1\">Un certain nombre de produits int\u00e9ressants avec des prix pr\u00e9f\u00e9rentiels en quantit\u00e9s limit\u00e9es (jusqu&#8217;\u00e0 \u00e9puisement des stocks &#8211; sous r\u00e9serve de ventes ant\u00e9rieures) et un design incomparable sont disponibles.<\/span><\/p>\n<p class=\"p1\"><span class=\"s1\">Votre repr\u00e9sentant commercial Admonter se fera un plaisir de r\u00e9pondre \u00e0 toutes vos questions concernant l&#8217;entr\u00e9e en boutique et nos offres en ligne.<\/span><\/p>\n\t\t\t\t\t\t\t\t<\/div>\n\t\t\t\t<\/div>\n\t\t\t\t<div class=\"elementor-element elementor-element-09835dc elementor-widget elementor-widget-LoginOrRegister\" data-id=\"09835dc\" data-element_type=\"widget\" data-widget_type=\"LoginOrRegister.default\">\n\t\t\t\t<div class=\"elementor-widget-container\">\n\t\t\t\t\t<div id=\"loginform__login\">\n    <p style=\"display: none\">clean-login<\/p>\n            [clean-login]\n    <\/div>\n\n<div id=\"loginform__container\">\n    <div class=\"loginform__form\" id=\"lcyd-register\">\n        <p class=\"loginform__caption\">Pas encore de compte? Inscrivez-vous ici avec votre no. client<\/p>\n        <div class='cleanlogin-notification error' id=\"lcyd-register-cIDunset\">\n            <p>Kundennummer nicht gefunden<\/p>\n        <\/div>\n                    [clean-login-register]\n            <\/div>\n\n    <div class=\"loginform__form\" id=\"lcyd-reset\">\n        <p class=\"loginform__caption\">Setzen Sie Ihr Passwort mit ihrer verwendeten E-Mail Adresse zur\u00fcck.<\/p>\n                    [clean-login-restore]\n            <\/div>\n\n        <p class=\"login__become-partner\">Pas encore partenaire? Devenez <a href=\"https:\/\/admonter.com\/partner-werden\/\" target=\"_blank\" >partenaire Admonter<\/a>!<\/p>\n<\/div>\n\n\t\t\t\t<\/div>\n\t\t\t\t<\/div>\n\t\t\t\t\t<\/div>\n\t\t<\/div>\n\t\t\t\t\t<\/div>\n\t\t<\/section>\n\t\t\t\t<\/div>\n\t\t","protected":false},"excerpt":{"rendered":"<p>Login En tant que client Admonter B2B, votre num\u00e9ro de client existant vous donne \u00e9galement acc\u00e8s \u00e0 notre toute nouvelle boutique en \u00e9dition limit\u00e9e. Un certain nombre de produits int\u00e9ressants avec des prix pr\u00e9f\u00e9rentiels en quantit\u00e9s limit\u00e9es (jusqu&#8217;\u00e0 \u00e9puisement des stocks &#8211; sous r\u00e9serve de ventes ant\u00e9rieures) et un design incomparable sont disponibles. Votre repr\u00e9sentant [&hellip;]<\/p>\n","protected":false},"author":1,"featured_media":0,"parent":0,"menu_order":0,"comment_status":"closed","ping_status":"closed","template":"","meta":{"_acf_changed":false,"footnotes":""},"class_list":["post-3874","page","type-page","status-publish","hentry"],"acf":[],"yoast_head":"<!-- This site is optimized with the Yoast SEO Premium plugin v20.8 (Yoast SEO v26.8) - https:\/\/yoast.com\/product\/yoast-seo-premium-wordpress\/ -->\n<title>Connexion client - Admonter Webshop<\/title>\n<meta name=\"description\" content=\"En tant que client B2B de Admonter, vous avez bien s\u00fbr \u00e9galement acc\u00e8s \u00e0 notre toute nouvelle boutique en \u00e9dition limit\u00e9e avec votre num\u00e9ro de client existant.\" \/>\n<meta name=\"robots\" content=\"index, follow, max-snippet:-1, max-image-preview:large, max-video-preview:-1\" \/>\n<link rel=\"canonical\" href=\"https:\/\/shop.admonter.com\/fr\/b2b-login\/\" \/>\n<meta property=\"og:locale\" content=\"fr_FR\" \/>\n<meta property=\"og:type\" content=\"article\" \/>\n<meta property=\"og:title\" content=\"Connexion client\" \/>\n<meta property=\"og:description\" content=\"En tant que client B2B de Admonter, vous avez bien s\u00fbr \u00e9galement acc\u00e8s \u00e0 notre toute nouvelle boutique en \u00e9dition limit\u00e9e avec votre num\u00e9ro de client existant.\" \/>\n<meta property=\"og:url\" content=\"https:\/\/shop.admonter.com\/fr\/b2b-login\/\" \/>\n<meta property=\"og:site_name\" content=\"Admonter Webshop\" \/>\n<meta property=\"article:modified_time\" content=\"2022-02-16T13:34:07+00:00\" \/>\n<meta property=\"og:image\" content=\"https:\/\/secure.gravatar.com\/avatar\/667a0ab611bde4acf1d662856a078eff?s=128&#038;d=mm&#038;r=g\" \/>\n<meta name=\"twitter:card\" content=\"summary_large_image\" \/>\n<meta name=\"twitter:label1\" content=\"Dur\u00e9e de lecture estim\u00e9e\" \/>\n\t<meta name=\"twitter:data1\" content=\"1 minute\" \/>\n<script type=\"application\/ld+json\" class=\"yoast-schema-graph\">{\"@context\":\"https:\/\/schema.org\",\"@graph\":[{\"@type\":\"WebPage\",\"@id\":\"https:\/\/shop.admonter.com\/fr\/b2b-login\/\",\"url\":\"https:\/\/shop.admonter.com\/fr\/b2b-login\/\",\"name\":\"Connexion client - Admonter Webshop\",\"isPartOf\":{\"@id\":\"https:\/\/shop.admonter.com\/fr\/#website\"},\"primaryImageOfPage\":{\"@id\":\"https:\/\/shop.admonter.com\/fr\/b2b-login\/#primaryimage\"},\"image\":{\"@id\":\"https:\/\/shop.admonter.com\/fr\/b2b-login\/#primaryimage\"},\"thumbnailUrl\":\"https:\/\/secure.gravatar.com\/avatar\/667a0ab611bde4acf1d662856a078eff?s=128&#038;d=mm&#038;r=g\",\"datePublished\":\"2020-04-20T09:34:44+00:00\",\"dateModified\":\"2022-02-16T13:34:07+00:00\",\"description\":\"En tant que client B2B de Admonter, vous avez bien s\u00fbr \u00e9galement acc\u00e8s \u00e0 notre toute nouvelle boutique en \u00e9dition limit\u00e9e avec votre num\u00e9ro de client existant.\",\"breadcrumb\":{\"@id\":\"https:\/\/shop.admonter.com\/fr\/b2b-login\/#breadcrumb\"},\"inLanguage\":\"fr-FR\",\"potentialAction\":[{\"@type\":\"ReadAction\",\"target\":[\"https:\/\/shop.admonter.com\/fr\/b2b-login\/\"]}]},{\"@type\":\"ImageObject\",\"inLanguage\":\"fr-FR\",\"@id\":\"https:\/\/shop.admonter.com\/fr\/b2b-login\/#primaryimage\",\"url\":\"https:\/\/secure.gravatar.com\/avatar\/667a0ab611bde4acf1d662856a078eff?s=128&#038;d=mm&#038;r=g\",\"contentUrl\":\"https:\/\/secure.gravatar.com\/avatar\/667a0ab611bde4acf1d662856a078eff?s=128&#038;d=mm&#038;r=g\"},{\"@type\":\"BreadcrumbList\",\"@id\":\"https:\/\/shop.admonter.com\/fr\/b2b-login\/#breadcrumb\",\"itemListElement\":[{\"@type\":\"ListItem\",\"position\":1,\"name\":\"Page d'accueil\",\"item\":\"https:\/\/shop.admonter.com\/fr\/\"},{\"@type\":\"ListItem\",\"position\":2,\"name\":\"Connexion client\"}]},{\"@type\":\"WebSite\",\"@id\":\"https:\/\/shop.admonter.com\/fr\/#website\",\"url\":\"https:\/\/shop.admonter.com\/fr\/\",\"name\":\"Admonter Webshop\",\"description\":\"Natures favourite designer\",\"publisher\":{\"@id\":\"https:\/\/shop.admonter.com\/fr\/#organization\"},\"potentialAction\":[{\"@type\":\"SearchAction\",\"target\":{\"@type\":\"EntryPoint\",\"urlTemplate\":\"https:\/\/shop.admonter.com\/fr\/?s={search_term_string}\"},\"query-input\":{\"@type\":\"PropertyValueSpecification\",\"valueRequired\":true,\"valueName\":\"search_term_string\"}}],\"inLanguage\":\"fr-FR\"},{\"@type\":\"Organization\",\"@id\":\"https:\/\/shop.admonter.com\/fr\/#organization\",\"name\":\"Admonter Holzindustrie AG\",\"url\":\"https:\/\/shop.admonter.com\/fr\/\",\"logo\":{\"@type\":\"ImageObject\",\"inLanguage\":\"fr-FR\",\"@id\":\"https:\/\/shop.admonter.com\/fr\/#\/schema\/logo\/image\/\",\"url\":\"https:\/\/shop.admonter.com\/wp-content\/uploads\/sites\/2\/admonter_logo.png\",\"contentUrl\":\"https:\/\/shop.admonter.com\/wp-content\/uploads\/sites\/2\/admonter_logo.png\",\"width\":592,\"height\":100,\"caption\":\"Admonter Holzindustrie AG\"},\"image\":{\"@id\":\"https:\/\/shop.admonter.com\/fr\/#\/schema\/logo\/image\/\"}}]}<\/script>\n<!-- \/ Yoast SEO Premium plugin. -->","yoast_head_json":{"title":"Connexion client - Admonter Webshop","description":"En tant que client B2B de Admonter, vous avez bien s\u00fbr \u00e9galement acc\u00e8s \u00e0 notre toute nouvelle boutique en \u00e9dition limit\u00e9e avec votre num\u00e9ro de client existant.","robots":{"index":"index","follow":"follow","max-snippet":"max-snippet:-1","max-image-preview":"max-image-preview:large","max-video-preview":"max-video-preview:-1"},"canonical":"https:\/\/shop.admonter.com\/fr\/b2b-login\/","og_locale":"fr_FR","og_type":"article","og_title":"Connexion client","og_description":"En tant que client B2B de Admonter, vous avez bien s\u00fbr \u00e9galement acc\u00e8s \u00e0 notre toute nouvelle boutique en \u00e9dition limit\u00e9e avec votre num\u00e9ro de client existant.","og_url":"https:\/\/shop.admonter.com\/fr\/b2b-login\/","og_site_name":"Admonter Webshop","article_modified_time":"2022-02-16T13:34:07+00:00","og_image":[{"url":"https:\/\/secure.gravatar.com\/avatar\/667a0ab611bde4acf1d662856a078eff?s=128&#038;d=mm&#038;r=g","type":"","width":"","height":""}],"twitter_card":"summary_large_image","twitter_misc":{"Dur\u00e9e de lecture estim\u00e9e":"1 minute"},"schema":{"@context":"https:\/\/schema.org","@graph":[{"@type":"WebPage","@id":"https:\/\/shop.admonter.com\/fr\/b2b-login\/","url":"https:\/\/shop.admonter.com\/fr\/b2b-login\/","name":"Connexion client - Admonter Webshop","isPartOf":{"@id":"https:\/\/shop.admonter.com\/fr\/#website"},"primaryImageOfPage":{"@id":"https:\/\/shop.admonter.com\/fr\/b2b-login\/#primaryimage"},"image":{"@id":"https:\/\/shop.admonter.com\/fr\/b2b-login\/#primaryimage"},"thumbnailUrl":"https:\/\/secure.gravatar.com\/avatar\/667a0ab611bde4acf1d662856a078eff?s=128&#038;d=mm&#038;r=g","datePublished":"2020-04-20T09:34:44+00:00","dateModified":"2022-02-16T13:34:07+00:00","description":"En tant que client B2B de Admonter, vous avez bien s\u00fbr \u00e9galement acc\u00e8s \u00e0 notre toute nouvelle boutique en \u00e9dition limit\u00e9e avec votre num\u00e9ro de client existant.","breadcrumb":{"@id":"https:\/\/shop.admonter.com\/fr\/b2b-login\/#breadcrumb"},"inLanguage":"fr-FR","potentialAction":[{"@type":"ReadAction","target":["https:\/\/shop.admonter.com\/fr\/b2b-login\/"]}]},{"@type":"ImageObject","inLanguage":"fr-FR","@id":"https:\/\/shop.admonter.com\/fr\/b2b-login\/#primaryimage","url":"https:\/\/secure.gravatar.com\/avatar\/667a0ab611bde4acf1d662856a078eff?s=128&#038;d=mm&#038;r=g","contentUrl":"https:\/\/secure.gravatar.com\/avatar\/667a0ab611bde4acf1d662856a078eff?s=128&#038;d=mm&#038;r=g"},{"@type":"BreadcrumbList","@id":"https:\/\/shop.admonter.com\/fr\/b2b-login\/#breadcrumb","itemListElement":[{"@type":"ListItem","position":1,"name":"Page d'accueil","item":"https:\/\/shop.admonter.com\/fr\/"},{"@type":"ListItem","position":2,"name":"Connexion client"}]},{"@type":"WebSite","@id":"https:\/\/shop.admonter.com\/fr\/#website","url":"https:\/\/shop.admonter.com\/fr\/","name":"Admonter Webshop","description":"Natures favourite designer","publisher":{"@id":"https:\/\/shop.admonter.com\/fr\/#organization"},"potentialAction":[{"@type":"SearchAction","target":{"@type":"EntryPoint","urlTemplate":"https:\/\/shop.admonter.com\/fr\/?s={search_term_string}"},"query-input":{"@type":"PropertyValueSpecification","valueRequired":true,"valueName":"search_term_string"}}],"inLanguage":"fr-FR"},{"@type":"Organization","@id":"https:\/\/shop.admonter.com\/fr\/#organization","name":"Admonter Holzindustrie AG","url":"https:\/\/shop.admonter.com\/fr\/","logo":{"@type":"ImageObject","inLanguage":"fr-FR","@id":"https:\/\/shop.admonter.com\/fr\/#\/schema\/logo\/image\/","url":"https:\/\/shop.admonter.com\/wp-content\/uploads\/sites\/2\/admonter_logo.png","contentUrl":"https:\/\/shop.admonter.com\/wp-content\/uploads\/sites\/2\/admonter_logo.png","width":592,"height":100,"caption":"Admonter Holzindustrie AG"},"image":{"@id":"https:\/\/shop.admonter.com\/fr\/#\/schema\/logo\/image\/"}}]}},"_links":{"self":[{"href":"https:\/\/shop.admonter.com\/fr\/wp-json\/wp\/v2\/pages\/3874","targetHints":{"allow":["GET"]}}],"collection":[{"href":"https:\/\/shop.admonter.com\/fr\/wp-json\/wp\/v2\/pages"}],"about":[{"href":"https:\/\/shop.admonter.com\/fr\/wp-json\/wp\/v2\/types\/page"}],"author":[{"embeddable":true,"href":"https:\/\/shop.admonter.com\/fr\/wp-json\/wp\/v2\/users\/1"}],"replies":[{"embeddable":true,"href":"https:\/\/shop.admonter.com\/fr\/wp-json\/wp\/v2\/comments?post=3874"}],"version-history":[{"count":0,"href":"https:\/\/shop.admonter.com\/fr\/wp-json\/wp\/v2\/pages\/3874\/revisions"}],"wp:attachment":[{"href":"https:\/\/shop.admonter.com\/fr\/wp-json\/wp\/v2\/media?parent=3874"}],"curies":[{"name":"wp","href":"https:\/\/api.w.org\/{rel}","templated":true}]}}