{"id":13264,"date":"2020-10-28T11:32:26","date_gmt":"2020-10-28T09:32:26","guid":{"rendered":"https:\/\/shop.admonter.com\/frais-de-port\/"},"modified":"2023-01-20T15:35:52","modified_gmt":"2023-01-20T13:35:52","slug":"frais-de-port","status":"publish","type":"page","link":"https:\/\/shop.admonter.com\/fr\/frais-de-port\/","title":{"rendered":"Frais de port"},"content":{"rendered":"\t\t<div data-elementor-type=\"wp-page\" data-elementor-id=\"13264\" class=\"elementor elementor-13264 elementor-13246\" data-elementor-post-type=\"page\">\n\t\t\t\t\t\t<section class=\"elementor-section elementor-top-section elementor-element elementor-element-7eef4eb elementor-section-height-full elementor-section-boxed elementor-section-height-default elementor-section-items-middle\" data-id=\"7eef4eb\" data-element_type=\"section\">\n\t\t\t\t\t\t<div class=\"elementor-container elementor-column-gap-default\">\n\t\t\t\t\t<div class=\"elementor-column elementor-col-100 elementor-top-column elementor-element elementor-element-c0242dc\" data-id=\"c0242dc\" data-element_type=\"column\">\n\t\t\t<div class=\"elementor-widget-wrap elementor-element-populated\">\n\t\t\t\t\t\t<div class=\"elementor-element elementor-element-0c76236 elementor-widget elementor-widget-heading\" data-id=\"0c76236\" data-element_type=\"widget\" data-widget_type=\"heading.default\">\n\t\t\t\t<div class=\"elementor-widget-container\">\n\t\t\t\t\t<h1 class=\"elementor-heading-title elementor-size-default\">Frais de port<\/h1>\t\t\t\t<\/div>\n\t\t\t\t<\/div>\n\t\t\t\t<div class=\"elementor-element elementor-element-a2d782d elementor-widget elementor-widget-text-editor\" data-id=\"a2d782d\" data-element_type=\"widget\" data-widget_type=\"text-editor.default\">\n\t\t\t\t<div class=\"elementor-widget-container\">\n\t\t\t\t\t\t\t\t\t<strong>UE<\/strong>\r\n<ul>\r\n \t<li>Autriche\/Allemagne\/Suisse: \u20ac 6.00<\/li>\r\n \t<li>Italie, France, Pays-Bas, Belgique, Luxembourg, Danemark, R\u00e9publique tch\u00e8que, Slovaquie, Slov\u00e9nie: \u20ac 11.00<\/li>\r\n \t<li>tous les autres pays de l&#8217;UE: \u20ac 20.00<\/li>\r\n<\/ul>\r\n<strong>reste du monde <\/strong>\u20ac 29.50\t\t\t\t\t\t\t\t<\/div>\n\t\t\t\t<\/div>\n\t\t\t\t<div class=\"elementor-element elementor-element-ad92313 elementor-widget elementor-widget-text-editor\" data-id=\"ad92313\" data-element_type=\"widget\" data-widget_type=\"text-editor.default\">\n\t\t\t\t<div class=\"elementor-widget-container\">\n\t\t\t\t\t\t\t\t\t<p><span style=\"text-decoration: underline;\">Exp\u00e9dition vers un pays hors UE<\/span><\/p>\n<p>Si la livraison a lieu dans un pays hors UE, des droits, taxes ou frais suppl\u00e9mentaires peuvent devoir \u00eatre pay\u00e9s par le client, mais pas \u00e0 nous, mais aux autorit\u00e9s douani\u00e8res ou fiscales comp\u00e9tentes sur place. Nous vous recommandons de vous renseigner aupr\u00e8s des autorit\u00e9s douani\u00e8res ou fiscales avant de commander.<\/p>\n\t\t\t\t\t\t\t\t<\/div>\n\t\t\t\t<\/div>\n\t\t\t\t\t<\/div>\n\t\t<\/div>\n\t\t\t\t\t<\/div>\n\t\t<\/section>\n\t\t\t\t<\/div>\n\t\t","protected":false},"excerpt":{"rendered":"<p>Frais de port UE Autriche\/Allemagne\/Suisse: \u20ac 6.00 Italie, France, Pays-Bas, Belgique, Luxembourg, Danemark, R\u00e9publique tch\u00e8que, Slovaquie, Slov\u00e9nie: \u20ac 11.00 tous les autres pays de l&#8217;UE: \u20ac 20.00 reste du monde \u20ac 29.50 Exp\u00e9dition vers un pays hors UE Si la livraison a lieu dans un pays hors UE, des droits, taxes ou frais suppl\u00e9mentaires peuvent [&hellip;]<\/p>\n","protected":false},"author":1,"featured_media":0,"parent":0,"menu_order":0,"comment_status":"closed","ping_status":"closed","template":"","meta":{"_acf_changed":false,"footnotes":""},"class_list":["post-13264","page","type-page","status-publish","hentry"],"acf":[],"yoast_head":"<!-- This site is optimized with the Yoast SEO Premium plugin v20.8 (Yoast SEO v26.8) - https:\/\/yoast.com\/product\/yoast-seo-premium-wordpress\/ -->\n<title>Frais de port - Admonter Webshop<\/title>\n<meta name=\"description\" content=\"Les frais d&#039;exp\u00e9dition des \u00e9chantillons et des produits d&#039;entretien d\u00e9pendent de la r\u00e9gion d&#039;exp\u00e9dition dans le monde\u00a0: \u20ac 6.00 - \u20ac 20.00 en Europe, \u20ac 29.50\u00a0dans le reste du monde.\" \/>\n<meta name=\"robots\" content=\"index, follow, max-snippet:-1, max-image-preview:large, max-video-preview:-1\" \/>\n<link rel=\"canonical\" href=\"https:\/\/shop.admonter.com\/fr\/frais-de-port\/\" \/>\n<meta property=\"og:locale\" content=\"fr_FR\" \/>\n<meta property=\"og:type\" content=\"article\" \/>\n<meta property=\"og:title\" content=\"Frais de port\" \/>\n<meta property=\"og:description\" content=\"Les frais d&#039;exp\u00e9dition des \u00e9chantillons et des produits d&#039;entretien d\u00e9pendent de la r\u00e9gion d&#039;exp\u00e9dition dans le monde\u00a0: \u20ac 6.00 - \u20ac 20.00 en Europe, \u20ac 29.50\u00a0dans le reste du monde.\" \/>\n<meta property=\"og:url\" content=\"https:\/\/shop.admonter.com\/fr\/frais-de-port\/\" \/>\n<meta property=\"og:site_name\" content=\"Admonter Webshop\" \/>\n<meta property=\"article:modified_time\" content=\"2023-01-20T13:35:52+00:00\" \/>\n<meta property=\"og:image\" content=\"https:\/\/shop.admonter.com\/wp-content\/uploads\/sites\/2\/shop_header-1-e1591092494353.png\" \/>\n\t<meta property=\"og:image:width\" content=\"1374\" \/>\n\t<meta property=\"og:image:height\" content=\"851\" \/>\n\t<meta property=\"og:image:type\" content=\"image\/png\" \/>\n<meta name=\"twitter:card\" content=\"summary_large_image\" \/>\n<script type=\"application\/ld+json\" class=\"yoast-schema-graph\">{\"@context\":\"https:\/\/schema.org\",\"@graph\":[{\"@type\":\"WebPage\",\"@id\":\"https:\/\/shop.admonter.com\/fr\/frais-de-port\/\",\"url\":\"https:\/\/shop.admonter.com\/fr\/frais-de-port\/\",\"name\":\"Frais de port - Admonter Webshop\",\"isPartOf\":{\"@id\":\"https:\/\/shop.admonter.com\/fr\/#website\"},\"datePublished\":\"2020-10-28T09:32:26+00:00\",\"dateModified\":\"2023-01-20T13:35:52+00:00\",\"description\":\"Les frais d'exp\u00e9dition des \u00e9chantillons et des produits d'entretien d\u00e9pendent de la r\u00e9gion d'exp\u00e9dition dans le monde\u00a0: \u20ac 6.00 - \u20ac 20.00 en Europe, \u20ac 29.50\u00a0dans le reste du monde.\",\"breadcrumb\":{\"@id\":\"https:\/\/shop.admonter.com\/fr\/frais-de-port\/#breadcrumb\"},\"inLanguage\":\"fr-FR\",\"potentialAction\":[{\"@type\":\"ReadAction\",\"target\":[\"https:\/\/shop.admonter.com\/fr\/frais-de-port\/\"]}]},{\"@type\":\"BreadcrumbList\",\"@id\":\"https:\/\/shop.admonter.com\/fr\/frais-de-port\/#breadcrumb\",\"itemListElement\":[{\"@type\":\"ListItem\",\"position\":1,\"name\":\"Page d'accueil\",\"item\":\"https:\/\/shop.admonter.com\/fr\/\"},{\"@type\":\"ListItem\",\"position\":2,\"name\":\"Frais de port\"}]},{\"@type\":\"WebSite\",\"@id\":\"https:\/\/shop.admonter.com\/fr\/#website\",\"url\":\"https:\/\/shop.admonter.com\/fr\/\",\"name\":\"Admonter Webshop\",\"description\":\"Natures favourite designer\",\"publisher\":{\"@id\":\"https:\/\/shop.admonter.com\/fr\/#organization\"},\"potentialAction\":[{\"@type\":\"SearchAction\",\"target\":{\"@type\":\"EntryPoint\",\"urlTemplate\":\"https:\/\/shop.admonter.com\/fr\/?s={search_term_string}\"},\"query-input\":{\"@type\":\"PropertyValueSpecification\",\"valueRequired\":true,\"valueName\":\"search_term_string\"}}],\"inLanguage\":\"fr-FR\"},{\"@type\":\"Organization\",\"@id\":\"https:\/\/shop.admonter.com\/fr\/#organization\",\"name\":\"Admonter Holzindustrie AG\",\"url\":\"https:\/\/shop.admonter.com\/fr\/\",\"logo\":{\"@type\":\"ImageObject\",\"inLanguage\":\"fr-FR\",\"@id\":\"https:\/\/shop.admonter.com\/fr\/#\/schema\/logo\/image\/\",\"url\":\"https:\/\/shop.admonter.com\/wp-content\/uploads\/sites\/2\/admonter_logo.png\",\"contentUrl\":\"https:\/\/shop.admonter.com\/wp-content\/uploads\/sites\/2\/admonter_logo.png\",\"width\":592,\"height\":100,\"caption\":\"Admonter Holzindustrie AG\"},\"image\":{\"@id\":\"https:\/\/shop.admonter.com\/fr\/#\/schema\/logo\/image\/\"}}]}<\/script>\n<!-- \/ Yoast SEO Premium plugin. -->","yoast_head_json":{"title":"Frais de port - Admonter Webshop","description":"Les frais d'exp\u00e9dition des \u00e9chantillons et des produits d'entretien d\u00e9pendent de la r\u00e9gion d'exp\u00e9dition dans le monde\u00a0: \u20ac 6.00 - \u20ac 20.00 en Europe, \u20ac 29.50\u00a0dans le reste du monde.","robots":{"index":"index","follow":"follow","max-snippet":"max-snippet:-1","max-image-preview":"max-image-preview:large","max-video-preview":"max-video-preview:-1"},"canonical":"https:\/\/shop.admonter.com\/fr\/frais-de-port\/","og_locale":"fr_FR","og_type":"article","og_title":"Frais de port","og_description":"Les frais d'exp\u00e9dition des \u00e9chantillons et des produits d'entretien d\u00e9pendent de la r\u00e9gion d'exp\u00e9dition dans le monde\u00a0: \u20ac 6.00 - \u20ac 20.00 en Europe, \u20ac 29.50\u00a0dans le reste du monde.","og_url":"https:\/\/shop.admonter.com\/fr\/frais-de-port\/","og_site_name":"Admonter Webshop","article_modified_time":"2023-01-20T13:35:52+00:00","og_image":[{"width":1374,"height":851,"url":"https:\/\/shop.admonter.com\/wp-content\/uploads\/sites\/2\/shop_header-1-e1591092494353.png","type":"image\/png"}],"twitter_card":"summary_large_image","schema":{"@context":"https:\/\/schema.org","@graph":[{"@type":"WebPage","@id":"https:\/\/shop.admonter.com\/fr\/frais-de-port\/","url":"https:\/\/shop.admonter.com\/fr\/frais-de-port\/","name":"Frais de port - Admonter Webshop","isPartOf":{"@id":"https:\/\/shop.admonter.com\/fr\/#website"},"datePublished":"2020-10-28T09:32:26+00:00","dateModified":"2023-01-20T13:35:52+00:00","description":"Les frais d'exp\u00e9dition des \u00e9chantillons et des produits d'entretien d\u00e9pendent de la r\u00e9gion d'exp\u00e9dition dans le monde\u00a0: \u20ac 6.00 - \u20ac 20.00 en Europe, \u20ac 29.50\u00a0dans le reste du monde.","breadcrumb":{"@id":"https:\/\/shop.admonter.com\/fr\/frais-de-port\/#breadcrumb"},"inLanguage":"fr-FR","potentialAction":[{"@type":"ReadAction","target":["https:\/\/shop.admonter.com\/fr\/frais-de-port\/"]}]},{"@type":"BreadcrumbList","@id":"https:\/\/shop.admonter.com\/fr\/frais-de-port\/#breadcrumb","itemListElement":[{"@type":"ListItem","position":1,"name":"Page d'accueil","item":"https:\/\/shop.admonter.com\/fr\/"},{"@type":"ListItem","position":2,"name":"Frais de port"}]},{"@type":"WebSite","@id":"https:\/\/shop.admonter.com\/fr\/#website","url":"https:\/\/shop.admonter.com\/fr\/","name":"Admonter Webshop","description":"Natures favourite designer","publisher":{"@id":"https:\/\/shop.admonter.com\/fr\/#organization"},"potentialAction":[{"@type":"SearchAction","target":{"@type":"EntryPoint","urlTemplate":"https:\/\/shop.admonter.com\/fr\/?s={search_term_string}"},"query-input":{"@type":"PropertyValueSpecification","valueRequired":true,"valueName":"search_term_string"}}],"inLanguage":"fr-FR"},{"@type":"Organization","@id":"https:\/\/shop.admonter.com\/fr\/#organization","name":"Admonter Holzindustrie AG","url":"https:\/\/shop.admonter.com\/fr\/","logo":{"@type":"ImageObject","inLanguage":"fr-FR","@id":"https:\/\/shop.admonter.com\/fr\/#\/schema\/logo\/image\/","url":"https:\/\/shop.admonter.com\/wp-content\/uploads\/sites\/2\/admonter_logo.png","contentUrl":"https:\/\/shop.admonter.com\/wp-content\/uploads\/sites\/2\/admonter_logo.png","width":592,"height":100,"caption":"Admonter Holzindustrie AG"},"image":{"@id":"https:\/\/shop.admonter.com\/fr\/#\/schema\/logo\/image\/"}}]}},"_links":{"self":[{"href":"https:\/\/shop.admonter.com\/fr\/wp-json\/wp\/v2\/pages\/13264","targetHints":{"allow":["GET"]}}],"collection":[{"href":"https:\/\/shop.admonter.com\/fr\/wp-json\/wp\/v2\/pages"}],"about":[{"href":"https:\/\/shop.admonter.com\/fr\/wp-json\/wp\/v2\/types\/page"}],"author":[{"embeddable":true,"href":"https:\/\/shop.admonter.com\/fr\/wp-json\/wp\/v2\/users\/1"}],"replies":[{"embeddable":true,"href":"https:\/\/shop.admonter.com\/fr\/wp-json\/wp\/v2\/comments?post=13264"}],"version-history":[{"count":0,"href":"https:\/\/shop.admonter.com\/fr\/wp-json\/wp\/v2\/pages\/13264\/revisions"}],"wp:attachment":[{"href":"https:\/\/shop.admonter.com\/fr\/wp-json\/wp\/v2\/media?parent=13264"}],"curies":[{"name":"wp","href":"https:\/\/api.w.org\/{rel}","templated":true}]}}