{"id":14810,"date":"2021-02-12T17:25:32","date_gmt":"2021-02-12T15:25:32","guid":{"rendered":"https:\/\/shop.admonter.com\/?post_type=product&#038;p=14810"},"modified":"2021-02-12T17:48:23","modified_gmt":"2021-02-12T15:48:23","slug":"sound-protect-eco-8-m2","status":"publish","type":"product","link":"https:\/\/shop.admonter.com\/es\/produkt\/sound-protect-eco-8-m2\/","title":{"rendered":"101232 | SOUND Protect Eco 8 m2"},"content":{"rendered":"","protected":false},"excerpt":{"rendered":"<p>Subsuelo WINEO &#8220;Sound-Protect Eco&#8221;: Espesor: 2 mm. Este subsuelo para<br \/>\nla instalaci\u00f3n flotante de Admonter Floors consta de una pel\u00edcula de soporte en PET, una capa<br \/>\ndurable en poliuretano permanentemente el\u00e1stico y una laminaci\u00f3n posterior de vell\u00f3n. Combinar uno<br \/>\nbuena reducci\u00f3n del ruido de impacto con baja resistencia t\u00e9rmica y por lo tanto idoneidad para el<br \/>\ncalefacci\u00f3n por suelo radiante. Los detalles sobre el comportamiento del fuego de todo el edificio se pueden encontrar en<br \/>\nCE obligatorio en admonter.com.<\/p>\n","protected":false},"featured_media":14817,"template":"","meta":{"_acf_changed":false},"product_brand":[],"product_cat":[2088],"product_tag":[2690],"class_list":{"0":"post-14810","1":"product","2":"type-product","3":"status-publish","4":"has-post-thumbnail","6":"product_cat-instalacion","7":"product_tag-in-product-feed-es","8":"product_shipping_class-sideproduct-es","10":"first","11":"instock","12":"taxable","13":"shipping-taxable","14":"purchasable","15":"product-type-simple"},"acf":[],"yoast_head":"<!-- This site is optimized with the Yoast SEO Premium plugin v20.8 (Yoast SEO v26.8) - https:\/\/yoast.com\/product\/yoast-seo-premium-wordpress\/ -->\n<title>SOUND Protect Eco 8 m2 - Admonter Webshop<\/title>\n<meta name=\"description\" content=\"Consulta toda la informaci\u00f3n sobre el producto SOUND Protect Eco 8 m2 y compra online directamente desde la web.\" \/>\n<meta name=\"robots\" content=\"index, follow, max-snippet:-1, max-image-preview:large, max-video-preview:-1\" \/>\n<link rel=\"canonical\" href=\"https:\/\/shop.admonter.com\/es\/produkt\/sound-protect-eco-8-m2\/\" \/>\n<meta property=\"og:locale\" content=\"es_ES\" \/>\n<meta property=\"og:type\" content=\"article\" \/>\n<meta property=\"og:title\" content=\"SOUND Protect Eco 8 m2\" \/>\n<meta property=\"og:description\" content=\"Consulta toda la informaci\u00f3n sobre el producto SOUND Protect Eco 8 m2 y compra online directamente desde la web.\" \/>\n<meta property=\"og:url\" content=\"https:\/\/shop.admonter.com\/es\/produkt\/sound-protect-eco-8-m2\/\" \/>\n<meta property=\"og:site_name\" content=\"Admonter Webshop\" \/>\n<meta property=\"article:modified_time\" content=\"2021-02-12T15:48:23+00:00\" \/>\n<meta property=\"og:image\" content=\"https:\/\/shop.admonter.com\/wp-content\/uploads\/sites\/2\/Sound-Protect-Eco-8-m2.jpg\" \/>\n\t<meta property=\"og:image:width\" content=\"600\" \/>\n\t<meta property=\"og:image:height\" content=\"399\" \/>\n\t<meta property=\"og:image:type\" content=\"image\/jpeg\" \/>\n<meta name=\"twitter:card\" content=\"summary_large_image\" \/>\n<script type=\"application\/ld+json\" class=\"yoast-schema-graph\">{\"@context\":\"https:\/\/schema.org\",\"@graph\":[{\"@type\":\"WebPage\",\"@id\":\"https:\/\/shop.admonter.com\/es\/produkt\/sound-protect-eco-8-m2\/\",\"url\":\"https:\/\/shop.admonter.com\/es\/produkt\/sound-protect-eco-8-m2\/\",\"name\":\"SOUND Protect Eco 8 m2 - Admonter Webshop\",\"isPartOf\":{\"@id\":\"https:\/\/shop.admonter.com\/es\/#website\"},\"primaryImageOfPage\":{\"@id\":\"https:\/\/shop.admonter.com\/es\/produkt\/sound-protect-eco-8-m2\/#primaryimage\"},\"image\":{\"@id\":\"https:\/\/shop.admonter.com\/es\/produkt\/sound-protect-eco-8-m2\/#primaryimage\"},\"thumbnailUrl\":\"https:\/\/shop.admonter.com\/wp-content\/uploads\/sites\/2\/Sound-Protect-Eco-8-m2.jpg\",\"datePublished\":\"2021-02-12T15:25:32+00:00\",\"dateModified\":\"2021-02-12T15:48:23+00:00\",\"description\":\"Consulta toda la informaci\u00f3n sobre el producto SOUND Protect Eco 8 m2 y compra online directamente desde la web.\",\"breadcrumb\":{\"@id\":\"https:\/\/shop.admonter.com\/es\/produkt\/sound-protect-eco-8-m2\/#breadcrumb\"},\"inLanguage\":\"es\",\"potentialAction\":[{\"@type\":\"ReadAction\",\"target\":[\"https:\/\/shop.admonter.com\/es\/produkt\/sound-protect-eco-8-m2\/\"]}]},{\"@type\":\"ImageObject\",\"inLanguage\":\"es\",\"@id\":\"https:\/\/shop.admonter.com\/es\/produkt\/sound-protect-eco-8-m2\/#primaryimage\",\"url\":\"https:\/\/shop.admonter.com\/wp-content\/uploads\/sites\/2\/Sound-Protect-Eco-8-m2.jpg\",\"contentUrl\":\"https:\/\/shop.admonter.com\/wp-content\/uploads\/sites\/2\/Sound-Protect-Eco-8-m2.jpg\",\"width\":600,\"height\":399,\"caption\":\"Sound Protect Eco 8 m2\"},{\"@type\":\"BreadcrumbList\",\"@id\":\"https:\/\/shop.admonter.com\/es\/produkt\/sound-protect-eco-8-m2\/#breadcrumb\",\"itemListElement\":[{\"@type\":\"ListItem\",\"position\":1,\"name\":\"P\u00e1gina de inicio\",\"item\":\"https:\/\/shop.admonter.com\/es\/\"},{\"@type\":\"ListItem\",\"position\":2,\"name\":\"Productos\",\"item\":\"https:\/\/shop.admonter.com\/es\/shop\/\"},{\"@type\":\"ListItem\",\"position\":3,\"name\":\"101232 | SOUND Protect Eco 8 m2\"}]},{\"@type\":\"WebSite\",\"@id\":\"https:\/\/shop.admonter.com\/es\/#website\",\"url\":\"https:\/\/shop.admonter.com\/es\/\",\"name\":\"Admonter Webshop\",\"description\":\"Natures favourite designer\",\"publisher\":{\"@id\":\"https:\/\/shop.admonter.com\/es\/#organization\"},\"potentialAction\":[{\"@type\":\"SearchAction\",\"target\":{\"@type\":\"EntryPoint\",\"urlTemplate\":\"https:\/\/shop.admonter.com\/es\/?s={search_term_string}\"},\"query-input\":{\"@type\":\"PropertyValueSpecification\",\"valueRequired\":true,\"valueName\":\"search_term_string\"}}],\"inLanguage\":\"es\"},{\"@type\":\"Organization\",\"@id\":\"https:\/\/shop.admonter.com\/es\/#organization\",\"name\":\"Admonter Holzindustrie AG\",\"url\":\"https:\/\/shop.admonter.com\/es\/\",\"logo\":{\"@type\":\"ImageObject\",\"inLanguage\":\"es\",\"@id\":\"https:\/\/shop.admonter.com\/es\/#\/schema\/logo\/image\/\",\"url\":\"https:\/\/shop.admonter.com\/wp-content\/uploads\/sites\/2\/admonter_logo.png\",\"contentUrl\":\"https:\/\/shop.admonter.com\/wp-content\/uploads\/sites\/2\/admonter_logo.png\",\"width\":592,\"height\":100,\"caption\":\"Admonter Holzindustrie AG\"},\"image\":{\"@id\":\"https:\/\/shop.admonter.com\/es\/#\/schema\/logo\/image\/\"}}]}<\/script>\n<!-- \/ Yoast SEO Premium plugin. -->","yoast_head_json":{"title":"SOUND Protect Eco 8 m2 - Admonter Webshop","description":"Consulta toda la informaci\u00f3n sobre el producto SOUND Protect Eco 8 m2 y compra online directamente desde la web.","robots":{"index":"index","follow":"follow","max-snippet":"max-snippet:-1","max-image-preview":"max-image-preview:large","max-video-preview":"max-video-preview:-1"},"canonical":"https:\/\/shop.admonter.com\/es\/produkt\/sound-protect-eco-8-m2\/","og_locale":"es_ES","og_type":"article","og_title":"SOUND Protect Eco 8 m2","og_description":"Consulta toda la informaci\u00f3n sobre el producto SOUND Protect Eco 8 m2 y compra online directamente desde la web.","og_url":"https:\/\/shop.admonter.com\/es\/produkt\/sound-protect-eco-8-m2\/","og_site_name":"Admonter Webshop","article_modified_time":"2021-02-12T15:48:23+00:00","og_image":[{"width":600,"height":399,"url":"https:\/\/shop.admonter.com\/wp-content\/uploads\/sites\/2\/Sound-Protect-Eco-8-m2.jpg","type":"image\/jpeg"}],"twitter_card":"summary_large_image","schema":{"@context":"https:\/\/schema.org","@graph":[{"@type":"WebPage","@id":"https:\/\/shop.admonter.com\/es\/produkt\/sound-protect-eco-8-m2\/","url":"https:\/\/shop.admonter.com\/es\/produkt\/sound-protect-eco-8-m2\/","name":"SOUND Protect Eco 8 m2 - Admonter Webshop","isPartOf":{"@id":"https:\/\/shop.admonter.com\/es\/#website"},"primaryImageOfPage":{"@id":"https:\/\/shop.admonter.com\/es\/produkt\/sound-protect-eco-8-m2\/#primaryimage"},"image":{"@id":"https:\/\/shop.admonter.com\/es\/produkt\/sound-protect-eco-8-m2\/#primaryimage"},"thumbnailUrl":"https:\/\/shop.admonter.com\/wp-content\/uploads\/sites\/2\/Sound-Protect-Eco-8-m2.jpg","datePublished":"2021-02-12T15:25:32+00:00","dateModified":"2021-02-12T15:48:23+00:00","description":"Consulta toda la informaci\u00f3n sobre el producto SOUND Protect Eco 8 m2 y compra online directamente desde la web.","breadcrumb":{"@id":"https:\/\/shop.admonter.com\/es\/produkt\/sound-protect-eco-8-m2\/#breadcrumb"},"inLanguage":"es","potentialAction":[{"@type":"ReadAction","target":["https:\/\/shop.admonter.com\/es\/produkt\/sound-protect-eco-8-m2\/"]}]},{"@type":"ImageObject","inLanguage":"es","@id":"https:\/\/shop.admonter.com\/es\/produkt\/sound-protect-eco-8-m2\/#primaryimage","url":"https:\/\/shop.admonter.com\/wp-content\/uploads\/sites\/2\/Sound-Protect-Eco-8-m2.jpg","contentUrl":"https:\/\/shop.admonter.com\/wp-content\/uploads\/sites\/2\/Sound-Protect-Eco-8-m2.jpg","width":600,"height":399,"caption":"Sound Protect Eco 8 m2"},{"@type":"BreadcrumbList","@id":"https:\/\/shop.admonter.com\/es\/produkt\/sound-protect-eco-8-m2\/#breadcrumb","itemListElement":[{"@type":"ListItem","position":1,"name":"P\u00e1gina de inicio","item":"https:\/\/shop.admonter.com\/es\/"},{"@type":"ListItem","position":2,"name":"Productos","item":"https:\/\/shop.admonter.com\/es\/shop\/"},{"@type":"ListItem","position":3,"name":"101232 | SOUND Protect Eco 8 m2"}]},{"@type":"WebSite","@id":"https:\/\/shop.admonter.com\/es\/#website","url":"https:\/\/shop.admonter.com\/es\/","name":"Admonter Webshop","description":"Natures favourite designer","publisher":{"@id":"https:\/\/shop.admonter.com\/es\/#organization"},"potentialAction":[{"@type":"SearchAction","target":{"@type":"EntryPoint","urlTemplate":"https:\/\/shop.admonter.com\/es\/?s={search_term_string}"},"query-input":{"@type":"PropertyValueSpecification","valueRequired":true,"valueName":"search_term_string"}}],"inLanguage":"es"},{"@type":"Organization","@id":"https:\/\/shop.admonter.com\/es\/#organization","name":"Admonter Holzindustrie AG","url":"https:\/\/shop.admonter.com\/es\/","logo":{"@type":"ImageObject","inLanguage":"es","@id":"https:\/\/shop.admonter.com\/es\/#\/schema\/logo\/image\/","url":"https:\/\/shop.admonter.com\/wp-content\/uploads\/sites\/2\/admonter_logo.png","contentUrl":"https:\/\/shop.admonter.com\/wp-content\/uploads\/sites\/2\/admonter_logo.png","width":592,"height":100,"caption":"Admonter Holzindustrie AG"},"image":{"@id":"https:\/\/shop.admonter.com\/es\/#\/schema\/logo\/image\/"}}]}},"_links":{"self":[{"href":"https:\/\/shop.admonter.com\/es\/wp-json\/wp\/v2\/product\/14810","targetHints":{"allow":["GET"]}}],"collection":[{"href":"https:\/\/shop.admonter.com\/es\/wp-json\/wp\/v2\/product"}],"about":[{"href":"https:\/\/shop.admonter.com\/es\/wp-json\/wp\/v2\/types\/product"}],"wp:featuredmedia":[{"embeddable":true,"href":"https:\/\/shop.admonter.com\/es\/wp-json\/wp\/v2\/media\/14817"}],"wp:attachment":[{"href":"https:\/\/shop.admonter.com\/es\/wp-json\/wp\/v2\/media?parent=14810"}],"wp:term":[{"taxonomy":"product_brand","embeddable":true,"href":"https:\/\/shop.admonter.com\/es\/wp-json\/wp\/v2\/product_brand?post=14810"},{"taxonomy":"product_cat","embeddable":true,"href":"https:\/\/shop.admonter.com\/es\/wp-json\/wp\/v2\/product_cat?post=14810"},{"taxonomy":"product_tag","embeddable":true,"href":"https:\/\/shop.admonter.com\/es\/wp-json\/wp\/v2\/product_tag?post=14810"}],"curies":[{"name":"wp","href":"https:\/\/api.w.org\/{rel}","templated":true}]}}