{"id":11495,"date":"2020-09-15T14:48:11","date_gmt":"2020-09-15T12:48:11","guid":{"rendered":"https:\/\/shop.admonter.com\/produkt\/alerce-alba-naturelle-15x195x2000mm\/"},"modified":"2026-03-27T12:06:09","modified_gmt":"2026-03-27T10:06:09","slug":"alerce-alba","status":"publish","type":"product","link":"https:\/\/shop.admonter.com\/es\/produkt\/alerce-alba\/","title":{"rendered":"118839 | Alerce Alba"},"content":{"rendered":"","protected":false},"excerpt":{"rendered":"<p>Con el hermoso tono blanco del alerce Alba, traemos el estilo escandinavo directamente a Austria. Los tablones de la clase \u00abNaturelle\u00bb est\u00e1n acabados en marr\u00f3n y aportan un car\u00e1cter \u00fanico al espacio gracias a su aspecto vivo.<\/p>\n","protected":false},"featured_media":10402,"template":"","meta":{"_acf_changed":false},"product_brand":[],"product_cat":[797],"product_tag":[],"class_list":{"0":"post-11495","1":"product","2":"type-product","3":"status-publish","4":"has-post-thumbnail","6":"product_cat-floors-es","7":"product_shipping_class-mainproduct-es","9":"first","10":"instock","11":"taxable","12":"shipping-taxable","13":"purchasable","14":"product-type-simple"},"acf":[],"yoast_head":"<!-- This site is optimized with the Yoast SEO Premium plugin v20.8 (Yoast SEO v26.8) - https:\/\/yoast.com\/product\/yoast-seo-premium-wordpress\/ -->\n<title>Alerce Alba - Admonter Webshop<\/title>\n<meta name=\"description\" content=\"Consulta toda la informaci\u00f3n sobre el producto Alerce Alba y compra online directamente desde la web.\" \/>\n<meta name=\"robots\" content=\"index, follow, max-snippet:-1, max-image-preview:large, max-video-preview:-1\" \/>\n<link rel=\"canonical\" href=\"https:\/\/shop.admonter.com\/es\/produkt\/alerce-alba\/\" \/>\n<meta property=\"og:locale\" content=\"es_ES\" \/>\n<meta property=\"og:type\" content=\"article\" \/>\n<meta property=\"og:title\" content=\"Alerce Alba\" \/>\n<meta property=\"og:description\" content=\"Consulta toda la informaci\u00f3n sobre el producto Alerce Alba y compra online directamente desde la web.\" \/>\n<meta property=\"og:url\" content=\"https:\/\/shop.admonter.com\/es\/produkt\/alerce-alba\/\" \/>\n<meta property=\"og:site_name\" content=\"Admonter Webshop\" \/>\n<meta property=\"article:modified_time\" content=\"2026-03-27T10:06:09+00:00\" \/>\n<meta property=\"og:image\" content=\"https:\/\/shop.admonter.com\/wp-content\/uploads\/sites\/2\/118839-Perspektive.jpg\" \/>\n\t<meta property=\"og:image:width\" content=\"764\" \/>\n\t<meta property=\"og:image:height\" content=\"1080\" \/>\n\t<meta property=\"og:image:type\" content=\"image\/jpeg\" \/>\n<meta name=\"twitter:card\" content=\"summary_large_image\" \/>\n<meta name=\"twitter:label1\" content=\"Tiempo de lectura\" \/>\n\t<meta name=\"twitter:data1\" content=\"1 minuto\" \/>\n<script type=\"application\/ld+json\" class=\"yoast-schema-graph\">{\"@context\":\"https:\/\/schema.org\",\"@graph\":[{\"@type\":\"WebPage\",\"@id\":\"https:\/\/shop.admonter.com\/es\/produkt\/alerce-alba\/\",\"url\":\"https:\/\/shop.admonter.com\/es\/produkt\/alerce-alba\/\",\"name\":\"Alerce Alba - Admonter Webshop\",\"isPartOf\":{\"@id\":\"https:\/\/shop.admonter.com\/es\/#website\"},\"primaryImageOfPage\":{\"@id\":\"https:\/\/shop.admonter.com\/es\/produkt\/alerce-alba\/#primaryimage\"},\"image\":{\"@id\":\"https:\/\/shop.admonter.com\/es\/produkt\/alerce-alba\/#primaryimage\"},\"thumbnailUrl\":\"https:\/\/shop.admonter.com\/wp-content\/uploads\/sites\/2\/118839-Perspektive.jpg\",\"datePublished\":\"2020-09-15T12:48:11+00:00\",\"dateModified\":\"2026-03-27T10:06:09+00:00\",\"description\":\"Consulta toda la informaci\u00f3n sobre el producto Alerce Alba y compra online directamente desde la web.\",\"breadcrumb\":{\"@id\":\"https:\/\/shop.admonter.com\/es\/produkt\/alerce-alba\/#breadcrumb\"},\"inLanguage\":\"es\",\"potentialAction\":[{\"@type\":\"ReadAction\",\"target\":[\"https:\/\/shop.admonter.com\/es\/produkt\/alerce-alba\/\"]}]},{\"@type\":\"ImageObject\",\"inLanguage\":\"es\",\"@id\":\"https:\/\/shop.admonter.com\/es\/produkt\/alerce-alba\/#primaryimage\",\"url\":\"https:\/\/shop.admonter.com\/wp-content\/uploads\/sites\/2\/118839-Perspektive.jpg\",\"contentUrl\":\"https:\/\/shop.admonter.com\/wp-content\/uploads\/sites\/2\/118839-Perspektive.jpg\",\"width\":764,\"height\":1080,\"caption\":\"118839 Perspektive\"},{\"@type\":\"BreadcrumbList\",\"@id\":\"https:\/\/shop.admonter.com\/es\/produkt\/alerce-alba\/#breadcrumb\",\"itemListElement\":[{\"@type\":\"ListItem\",\"position\":1,\"name\":\"P\u00e1gina de inicio\",\"item\":\"https:\/\/shop.admonter.com\/es\/\"},{\"@type\":\"ListItem\",\"position\":2,\"name\":\"Productos\",\"item\":\"https:\/\/shop.admonter.com\/es\/shop\/\"},{\"@type\":\"ListItem\",\"position\":3,\"name\":\"118839 | Alerce Alba\"}]},{\"@type\":\"WebSite\",\"@id\":\"https:\/\/shop.admonter.com\/es\/#website\",\"url\":\"https:\/\/shop.admonter.com\/es\/\",\"name\":\"Admonter Webshop\",\"description\":\"Natures favourite designer\",\"publisher\":{\"@id\":\"https:\/\/shop.admonter.com\/es\/#organization\"},\"potentialAction\":[{\"@type\":\"SearchAction\",\"target\":{\"@type\":\"EntryPoint\",\"urlTemplate\":\"https:\/\/shop.admonter.com\/es\/?s={search_term_string}\"},\"query-input\":{\"@type\":\"PropertyValueSpecification\",\"valueRequired\":true,\"valueName\":\"search_term_string\"}}],\"inLanguage\":\"es\"},{\"@type\":\"Organization\",\"@id\":\"https:\/\/shop.admonter.com\/es\/#organization\",\"name\":\"Admonter Holzindustrie AG\",\"url\":\"https:\/\/shop.admonter.com\/es\/\",\"logo\":{\"@type\":\"ImageObject\",\"inLanguage\":\"es\",\"@id\":\"https:\/\/shop.admonter.com\/es\/#\/schema\/logo\/image\/\",\"url\":\"https:\/\/shop.admonter.com\/wp-content\/uploads\/sites\/2\/admonter_logo.png\",\"contentUrl\":\"https:\/\/shop.admonter.com\/wp-content\/uploads\/sites\/2\/admonter_logo.png\",\"width\":592,\"height\":100,\"caption\":\"Admonter Holzindustrie AG\"},\"image\":{\"@id\":\"https:\/\/shop.admonter.com\/es\/#\/schema\/logo\/image\/\"}}]}<\/script>\n<!-- \/ Yoast SEO Premium plugin. -->","yoast_head_json":{"title":"Alerce Alba - Admonter Webshop","description":"Consulta toda la informaci\u00f3n sobre el producto Alerce Alba y compra online directamente desde la web.","robots":{"index":"index","follow":"follow","max-snippet":"max-snippet:-1","max-image-preview":"max-image-preview:large","max-video-preview":"max-video-preview:-1"},"canonical":"https:\/\/shop.admonter.com\/es\/produkt\/alerce-alba\/","og_locale":"es_ES","og_type":"article","og_title":"Alerce Alba","og_description":"Consulta toda la informaci\u00f3n sobre el producto Alerce Alba y compra online directamente desde la web.","og_url":"https:\/\/shop.admonter.com\/es\/produkt\/alerce-alba\/","og_site_name":"Admonter Webshop","article_modified_time":"2026-03-27T10:06:09+00:00","og_image":[{"width":764,"height":1080,"url":"https:\/\/shop.admonter.com\/wp-content\/uploads\/sites\/2\/118839-Perspektive.jpg","type":"image\/jpeg"}],"twitter_card":"summary_large_image","twitter_misc":{"Tiempo de lectura":"1 minuto"},"schema":{"@context":"https:\/\/schema.org","@graph":[{"@type":"WebPage","@id":"https:\/\/shop.admonter.com\/es\/produkt\/alerce-alba\/","url":"https:\/\/shop.admonter.com\/es\/produkt\/alerce-alba\/","name":"Alerce Alba - Admonter Webshop","isPartOf":{"@id":"https:\/\/shop.admonter.com\/es\/#website"},"primaryImageOfPage":{"@id":"https:\/\/shop.admonter.com\/es\/produkt\/alerce-alba\/#primaryimage"},"image":{"@id":"https:\/\/shop.admonter.com\/es\/produkt\/alerce-alba\/#primaryimage"},"thumbnailUrl":"https:\/\/shop.admonter.com\/wp-content\/uploads\/sites\/2\/118839-Perspektive.jpg","datePublished":"2020-09-15T12:48:11+00:00","dateModified":"2026-03-27T10:06:09+00:00","description":"Consulta toda la informaci\u00f3n sobre el producto Alerce Alba y compra online directamente desde la web.","breadcrumb":{"@id":"https:\/\/shop.admonter.com\/es\/produkt\/alerce-alba\/#breadcrumb"},"inLanguage":"es","potentialAction":[{"@type":"ReadAction","target":["https:\/\/shop.admonter.com\/es\/produkt\/alerce-alba\/"]}]},{"@type":"ImageObject","inLanguage":"es","@id":"https:\/\/shop.admonter.com\/es\/produkt\/alerce-alba\/#primaryimage","url":"https:\/\/shop.admonter.com\/wp-content\/uploads\/sites\/2\/118839-Perspektive.jpg","contentUrl":"https:\/\/shop.admonter.com\/wp-content\/uploads\/sites\/2\/118839-Perspektive.jpg","width":764,"height":1080,"caption":"118839 Perspektive"},{"@type":"BreadcrumbList","@id":"https:\/\/shop.admonter.com\/es\/produkt\/alerce-alba\/#breadcrumb","itemListElement":[{"@type":"ListItem","position":1,"name":"P\u00e1gina de inicio","item":"https:\/\/shop.admonter.com\/es\/"},{"@type":"ListItem","position":2,"name":"Productos","item":"https:\/\/shop.admonter.com\/es\/shop\/"},{"@type":"ListItem","position":3,"name":"118839 | Alerce Alba"}]},{"@type":"WebSite","@id":"https:\/\/shop.admonter.com\/es\/#website","url":"https:\/\/shop.admonter.com\/es\/","name":"Admonter Webshop","description":"Natures favourite designer","publisher":{"@id":"https:\/\/shop.admonter.com\/es\/#organization"},"potentialAction":[{"@type":"SearchAction","target":{"@type":"EntryPoint","urlTemplate":"https:\/\/shop.admonter.com\/es\/?s={search_term_string}"},"query-input":{"@type":"PropertyValueSpecification","valueRequired":true,"valueName":"search_term_string"}}],"inLanguage":"es"},{"@type":"Organization","@id":"https:\/\/shop.admonter.com\/es\/#organization","name":"Admonter Holzindustrie AG","url":"https:\/\/shop.admonter.com\/es\/","logo":{"@type":"ImageObject","inLanguage":"es","@id":"https:\/\/shop.admonter.com\/es\/#\/schema\/logo\/image\/","url":"https:\/\/shop.admonter.com\/wp-content\/uploads\/sites\/2\/admonter_logo.png","contentUrl":"https:\/\/shop.admonter.com\/wp-content\/uploads\/sites\/2\/admonter_logo.png","width":592,"height":100,"caption":"Admonter Holzindustrie AG"},"image":{"@id":"https:\/\/shop.admonter.com\/es\/#\/schema\/logo\/image\/"}}]}},"_links":{"self":[{"href":"https:\/\/shop.admonter.com\/es\/wp-json\/wp\/v2\/product\/11495","targetHints":{"allow":["GET"]}}],"collection":[{"href":"https:\/\/shop.admonter.com\/es\/wp-json\/wp\/v2\/product"}],"about":[{"href":"https:\/\/shop.admonter.com\/es\/wp-json\/wp\/v2\/types\/product"}],"wp:featuredmedia":[{"embeddable":true,"href":"https:\/\/shop.admonter.com\/es\/wp-json\/wp\/v2\/media\/10402"}],"wp:attachment":[{"href":"https:\/\/shop.admonter.com\/es\/wp-json\/wp\/v2\/media?parent=11495"}],"wp:term":[{"taxonomy":"product_brand","embeddable":true,"href":"https:\/\/shop.admonter.com\/es\/wp-json\/wp\/v2\/product_brand?post=11495"},{"taxonomy":"product_cat","embeddable":true,"href":"https:\/\/shop.admonter.com\/es\/wp-json\/wp\/v2\/product_cat?post=11495"},{"taxonomy":"product_tag","embeddable":true,"href":"https:\/\/shop.admonter.com\/es\/wp-json\/wp\/v2\/product_tag?post=11495"}],"curies":[{"name":"wp","href":"https:\/\/api.w.org\/{rel}","templated":true}]}}