{"id":13266,"date":"2020-10-28T11:32:26","date_gmt":"2020-10-28T09:32:26","guid":{"rendered":"https:\/\/shop.admonter.com\/gastos-de-envio\/"},"modified":"2023-01-20T15:37:04","modified_gmt":"2023-01-20T13:37:04","slug":"gastos-de-envio","status":"publish","type":"page","link":"https:\/\/shop.admonter.com\/es\/gastos-de-envio\/","title":{"rendered":"Gastos de env\u00edo"},"content":{"rendered":"\t\t<div data-elementor-type=\"wp-page\" data-elementor-id=\"13266\" class=\"elementor elementor-13266 elementor-13246\" data-elementor-post-type=\"page\">\n\t\t\t\t\t\t<section class=\"elementor-section elementor-top-section elementor-element elementor-element-7eef4eb elementor-section-height-full elementor-section-boxed elementor-section-height-default elementor-section-items-middle\" data-id=\"7eef4eb\" data-element_type=\"section\">\n\t\t\t\t\t\t<div class=\"elementor-container elementor-column-gap-default\">\n\t\t\t\t\t<div class=\"elementor-column elementor-col-100 elementor-top-column elementor-element elementor-element-c0242dc\" data-id=\"c0242dc\" data-element_type=\"column\">\n\t\t\t<div class=\"elementor-widget-wrap elementor-element-populated\">\n\t\t\t\t\t\t<div class=\"elementor-element elementor-element-0c76236 elementor-widget elementor-widget-heading\" data-id=\"0c76236\" data-element_type=\"widget\" data-widget_type=\"heading.default\">\n\t\t\t\t<div class=\"elementor-widget-container\">\n\t\t\t\t\t<h1 class=\"elementor-heading-title elementor-size-default\">Gastos de env\u00edo<\/h1>\t\t\t\t<\/div>\n\t\t\t\t<\/div>\n\t\t\t\t<div class=\"elementor-element elementor-element-a2d782d elementor-widget elementor-widget-text-editor\" data-id=\"a2d782d\" data-element_type=\"widget\" data-widget_type=\"text-editor.default\">\n\t\t\t\t<div class=\"elementor-widget-container\">\n\t\t\t\t\t\t\t\t\t<strong>UE<\/strong>\r\n<ul>\r\n \t<li>Austria\/Alemania\/Suiza: \u20ac 6.00<\/li>\r\n \t<li>Italia, Francia, Pa\u00edses Bajos, B\u00e9lgica, Luxemburgo, Dinamarca, Rep\u00fablica Checa, Eslovaquia, Eslovenia: \u20ac 11.00<\/li>\r\n \t<li>todos los dem\u00e1s pa\u00edses de la UE: \u20ac 20.00<\/li>\r\n<\/ul>\r\n<strong>Resto del mundo<\/strong> \u20ac 29.50\t\t\t\t\t\t\t\t<\/div>\n\t\t\t\t<\/div>\n\t\t\t\t<div class=\"elementor-element elementor-element-ad92313 elementor-widget elementor-widget-text-editor\" data-id=\"ad92313\" data-element_type=\"widget\" data-widget_type=\"text-editor.default\">\n\t\t\t\t<div class=\"elementor-widget-container\">\n\t\t\t\t\t\t\t\t\t<p><span style=\"text-decoration: underline;\">Env\u00edo a un pa\u00eds no perteneciente a la UE<\/span><\/p>\n<p>Si la entrega se realiza en un pa\u00eds no perteneciente a la UE, es posible que el cliente deba pagar derechos, impuestos o tasas adicionales, pero no a nosotros, sino a las autoridades aduaneras o fiscales responsables all\u00ed. Le recomendamos que solicite detalles a las autoridades aduaneras o fiscales antes de realizar el pedido.<\/p>\n\t\t\t\t\t\t\t\t<\/div>\n\t\t\t\t<\/div>\n\t\t\t\t\t<\/div>\n\t\t<\/div>\n\t\t\t\t\t<\/div>\n\t\t<\/section>\n\t\t\t\t<\/div>\n\t\t","protected":false},"excerpt":{"rendered":"<p>Gastos de env\u00edo UE Austria\/Alemania\/Suiza: \u20ac 6.00 Italia, Francia, Pa\u00edses Bajos, B\u00e9lgica, Luxemburgo, Dinamarca, Rep\u00fablica Checa, Eslovaquia, Eslovenia: \u20ac 11.00 todos los dem\u00e1s pa\u00edses de la UE: \u20ac 20.00 Resto del mundo \u20ac 29.50 Env\u00edo a un pa\u00eds no perteneciente a la UE Si la entrega se realiza en un pa\u00eds no perteneciente a la [&hellip;]<\/p>\n","protected":false},"author":1,"featured_media":0,"parent":0,"menu_order":0,"comment_status":"closed","ping_status":"closed","template":"","meta":{"_acf_changed":false,"footnotes":""},"class_list":["post-13266","page","type-page","status-publish","hentry"],"acf":[],"yoast_head":"<!-- This site is optimized with the Yoast SEO Premium plugin v20.8 (Yoast SEO v26.8) - https:\/\/yoast.com\/product\/yoast-seo-premium-wordpress\/ -->\n<title>Gastos de env\u00edo - Admonter Webshop<\/title>\n<meta name=\"description\" content=\"Los gastos de env\u00edo de las muestras y los productos de cuidado dependen de la regi\u00f3n del mundo: entre \u20ac 6.00 y \u20ac 20.00 en Europa, \u20ac 29.50 en el resto del mundo.\" \/>\n<meta name=\"robots\" content=\"index, follow, max-snippet:-1, max-image-preview:large, max-video-preview:-1\" \/>\n<link rel=\"canonical\" href=\"https:\/\/shop.admonter.com\/es\/gastos-de-envio\/\" \/>\n<meta property=\"og:locale\" content=\"es_ES\" \/>\n<meta property=\"og:type\" content=\"article\" \/>\n<meta property=\"og:title\" content=\"Gastos de env\u00edo\" \/>\n<meta property=\"og:description\" content=\"Los gastos de env\u00edo de las muestras y los productos de cuidado dependen de la regi\u00f3n del mundo: entre \u20ac 6.00 y \u20ac 20.00 en Europa, \u20ac 29.50 en el resto del mundo.\" \/>\n<meta property=\"og:url\" content=\"https:\/\/shop.admonter.com\/es\/gastos-de-envio\/\" \/>\n<meta property=\"og:site_name\" content=\"Admonter Webshop\" \/>\n<meta property=\"article:modified_time\" content=\"2023-01-20T13:37:04+00:00\" \/>\n<meta property=\"og:image\" content=\"https:\/\/shop.admonter.com\/wp-content\/uploads\/sites\/2\/shop_header-1-e1591092494353.png\" \/>\n\t<meta property=\"og:image:width\" content=\"1374\" \/>\n\t<meta property=\"og:image:height\" content=\"851\" \/>\n\t<meta property=\"og:image:type\" content=\"image\/png\" \/>\n<meta name=\"twitter:card\" content=\"summary_large_image\" \/>\n<meta name=\"twitter:label1\" content=\"Tiempo de lectura\" \/>\n\t<meta name=\"twitter:data1\" content=\"1 minuto\" \/>\n<script type=\"application\/ld+json\" class=\"yoast-schema-graph\">{\"@context\":\"https:\/\/schema.org\",\"@graph\":[{\"@type\":\"WebPage\",\"@id\":\"https:\/\/shop.admonter.com\/es\/gastos-de-envio\/\",\"url\":\"https:\/\/shop.admonter.com\/es\/gastos-de-envio\/\",\"name\":\"Gastos de env\u00edo - Admonter Webshop\",\"isPartOf\":{\"@id\":\"https:\/\/shop.admonter.com\/es\/#website\"},\"datePublished\":\"2020-10-28T09:32:26+00:00\",\"dateModified\":\"2023-01-20T13:37:04+00:00\",\"description\":\"Los gastos de env\u00edo de las muestras y los productos de cuidado dependen de la regi\u00f3n del mundo: entre \u20ac 6.00 y \u20ac 20.00 en Europa, \u20ac 29.50 en el resto del mundo.\",\"breadcrumb\":{\"@id\":\"https:\/\/shop.admonter.com\/es\/gastos-de-envio\/#breadcrumb\"},\"inLanguage\":\"es\",\"potentialAction\":[{\"@type\":\"ReadAction\",\"target\":[\"https:\/\/shop.admonter.com\/es\/gastos-de-envio\/\"]}]},{\"@type\":\"BreadcrumbList\",\"@id\":\"https:\/\/shop.admonter.com\/es\/gastos-de-envio\/#breadcrumb\",\"itemListElement\":[{\"@type\":\"ListItem\",\"position\":1,\"name\":\"P\u00e1gina de inicio\",\"item\":\"https:\/\/shop.admonter.com\/es\/\"},{\"@type\":\"ListItem\",\"position\":2,\"name\":\"Gastos de env\u00edo\"}]},{\"@type\":\"WebSite\",\"@id\":\"https:\/\/shop.admonter.com\/es\/#website\",\"url\":\"https:\/\/shop.admonter.com\/es\/\",\"name\":\"Admonter Webshop\",\"description\":\"Natures favourite designer\",\"publisher\":{\"@id\":\"https:\/\/shop.admonter.com\/es\/#organization\"},\"potentialAction\":[{\"@type\":\"SearchAction\",\"target\":{\"@type\":\"EntryPoint\",\"urlTemplate\":\"https:\/\/shop.admonter.com\/es\/?s={search_term_string}\"},\"query-input\":{\"@type\":\"PropertyValueSpecification\",\"valueRequired\":true,\"valueName\":\"search_term_string\"}}],\"inLanguage\":\"es\"},{\"@type\":\"Organization\",\"@id\":\"https:\/\/shop.admonter.com\/es\/#organization\",\"name\":\"Admonter Holzindustrie AG\",\"url\":\"https:\/\/shop.admonter.com\/es\/\",\"logo\":{\"@type\":\"ImageObject\",\"inLanguage\":\"es\",\"@id\":\"https:\/\/shop.admonter.com\/es\/#\/schema\/logo\/image\/\",\"url\":\"https:\/\/shop.admonter.com\/wp-content\/uploads\/sites\/2\/admonter_logo.png\",\"contentUrl\":\"https:\/\/shop.admonter.com\/wp-content\/uploads\/sites\/2\/admonter_logo.png\",\"width\":592,\"height\":100,\"caption\":\"Admonter Holzindustrie AG\"},\"image\":{\"@id\":\"https:\/\/shop.admonter.com\/es\/#\/schema\/logo\/image\/\"}}]}<\/script>\n<!-- \/ Yoast SEO Premium plugin. -->","yoast_head_json":{"title":"Gastos de env\u00edo - Admonter Webshop","description":"Los gastos de env\u00edo de las muestras y los productos de cuidado dependen de la regi\u00f3n del mundo: entre \u20ac 6.00 y \u20ac 20.00 en Europa, \u20ac 29.50 en el resto del mundo.","robots":{"index":"index","follow":"follow","max-snippet":"max-snippet:-1","max-image-preview":"max-image-preview:large","max-video-preview":"max-video-preview:-1"},"canonical":"https:\/\/shop.admonter.com\/es\/gastos-de-envio\/","og_locale":"es_ES","og_type":"article","og_title":"Gastos de env\u00edo","og_description":"Los gastos de env\u00edo de las muestras y los productos de cuidado dependen de la regi\u00f3n del mundo: entre \u20ac 6.00 y \u20ac 20.00 en Europa, \u20ac 29.50 en el resto del mundo.","og_url":"https:\/\/shop.admonter.com\/es\/gastos-de-envio\/","og_site_name":"Admonter Webshop","article_modified_time":"2023-01-20T13:37:04+00:00","og_image":[{"width":1374,"height":851,"url":"https:\/\/shop.admonter.com\/wp-content\/uploads\/sites\/2\/shop_header-1-e1591092494353.png","type":"image\/png"}],"twitter_card":"summary_large_image","twitter_misc":{"Tiempo de lectura":"1 minuto"},"schema":{"@context":"https:\/\/schema.org","@graph":[{"@type":"WebPage","@id":"https:\/\/shop.admonter.com\/es\/gastos-de-envio\/","url":"https:\/\/shop.admonter.com\/es\/gastos-de-envio\/","name":"Gastos de env\u00edo - Admonter Webshop","isPartOf":{"@id":"https:\/\/shop.admonter.com\/es\/#website"},"datePublished":"2020-10-28T09:32:26+00:00","dateModified":"2023-01-20T13:37:04+00:00","description":"Los gastos de env\u00edo de las muestras y los productos de cuidado dependen de la regi\u00f3n del mundo: entre \u20ac 6.00 y \u20ac 20.00 en Europa, \u20ac 29.50 en el resto del mundo.","breadcrumb":{"@id":"https:\/\/shop.admonter.com\/es\/gastos-de-envio\/#breadcrumb"},"inLanguage":"es","potentialAction":[{"@type":"ReadAction","target":["https:\/\/shop.admonter.com\/es\/gastos-de-envio\/"]}]},{"@type":"BreadcrumbList","@id":"https:\/\/shop.admonter.com\/es\/gastos-de-envio\/#breadcrumb","itemListElement":[{"@type":"ListItem","position":1,"name":"P\u00e1gina de inicio","item":"https:\/\/shop.admonter.com\/es\/"},{"@type":"ListItem","position":2,"name":"Gastos de env\u00edo"}]},{"@type":"WebSite","@id":"https:\/\/shop.admonter.com\/es\/#website","url":"https:\/\/shop.admonter.com\/es\/","name":"Admonter Webshop","description":"Natures favourite designer","publisher":{"@id":"https:\/\/shop.admonter.com\/es\/#organization"},"potentialAction":[{"@type":"SearchAction","target":{"@type":"EntryPoint","urlTemplate":"https:\/\/shop.admonter.com\/es\/?s={search_term_string}"},"query-input":{"@type":"PropertyValueSpecification","valueRequired":true,"valueName":"search_term_string"}}],"inLanguage":"es"},{"@type":"Organization","@id":"https:\/\/shop.admonter.com\/es\/#organization","name":"Admonter Holzindustrie AG","url":"https:\/\/shop.admonter.com\/es\/","logo":{"@type":"ImageObject","inLanguage":"es","@id":"https:\/\/shop.admonter.com\/es\/#\/schema\/logo\/image\/","url":"https:\/\/shop.admonter.com\/wp-content\/uploads\/sites\/2\/admonter_logo.png","contentUrl":"https:\/\/shop.admonter.com\/wp-content\/uploads\/sites\/2\/admonter_logo.png","width":592,"height":100,"caption":"Admonter Holzindustrie AG"},"image":{"@id":"https:\/\/shop.admonter.com\/es\/#\/schema\/logo\/image\/"}}]}},"_links":{"self":[{"href":"https:\/\/shop.admonter.com\/es\/wp-json\/wp\/v2\/pages\/13266","targetHints":{"allow":["GET"]}}],"collection":[{"href":"https:\/\/shop.admonter.com\/es\/wp-json\/wp\/v2\/pages"}],"about":[{"href":"https:\/\/shop.admonter.com\/es\/wp-json\/wp\/v2\/types\/page"}],"author":[{"embeddable":true,"href":"https:\/\/shop.admonter.com\/es\/wp-json\/wp\/v2\/users\/1"}],"replies":[{"embeddable":true,"href":"https:\/\/shop.admonter.com\/es\/wp-json\/wp\/v2\/comments?post=13266"}],"version-history":[{"count":0,"href":"https:\/\/shop.admonter.com\/es\/wp-json\/wp\/v2\/pages\/13266\/revisions"}],"wp:attachment":[{"href":"https:\/\/shop.admonter.com\/es\/wp-json\/wp\/v2\/media?parent=13266"}],"curies":[{"name":"wp","href":"https:\/\/api.w.org\/{rel}","templated":true}]}}