{"id":8660,"date":"2020-09-15T14:48:14","date_gmt":"2020-09-15T12:48:14","guid":{"rendered":"https:\/\/shop.admonter.com\/produkt\/laerche-alt-natura-naturelle-15x195x2000mm\/"},"modified":"2025-10-14T10:11:38","modified_gmt":"2025-10-14T08:11:38","slug":"laerche-alt-natura","status":"publish","type":"product","link":"https:\/\/shop.admonter.com\/de\/produkt\/laerche-alt-natura\/","title":{"rendered":"118336 | Parkett L\u00e4rche Alt Natura"},"content":{"rendered":"","protected":false},"excerpt":{"rendered":"<p>Unbehandelte B\u00f6den \u00fcben eine ganz besondere Faszination aus. Mit der L\u00e4rche ALT Natura haben wir versucht diese Struktur einzufangen und ihr dennoch eine glatte, reine und weiche Oberfl\u00e4che zu verleihen. Dielen mit der Sortierung naturelle, sind braun ausgefertigt und bringen durch ihre lebhafte Erscheinung einen einzigartigen Charakter in den Wohnraum.<\/p>\n","protected":false},"featured_media":10313,"template":"","meta":{"_acf_changed":false},"product_brand":[],"product_cat":[64],"product_tag":[],"class_list":{"0":"post-8660","1":"product","2":"type-product","3":"status-publish","4":"has-post-thumbnail","6":"product_cat-floors","7":"product_shipping_class-mainproduct","9":"first","10":"instock","11":"taxable","12":"shipping-taxable","13":"purchasable","14":"product-type-simple"},"acf":[],"yoast_head":"<!-- This site is optimized with the Yoast SEO Premium plugin v20.8 (Yoast SEO v26.8) - https:\/\/yoast.com\/product\/yoast-seo-premium-wordpress\/ -->\n<title>Parkett L\u00e4rche Alt Natura - Admonter Webshop<\/title>\n<meta name=\"description\" content=\"Sehen Sie sich alle Informationen zum Produkt Parkett L\u00e4rche Alt Natura an und kaufen Sie direkt online auf der Website ein.\" \/>\n<meta name=\"robots\" content=\"index, follow, max-snippet:-1, max-image-preview:large, max-video-preview:-1\" \/>\n<link rel=\"canonical\" href=\"https:\/\/shop.admonter.com\/de\/produkt\/laerche-alt-natura\/\" \/>\n<meta property=\"og:locale\" content=\"de_DE\" \/>\n<meta property=\"og:type\" content=\"article\" \/>\n<meta property=\"og:title\" content=\"Parkett L\u00e4rche Alt Natura\" \/>\n<meta property=\"og:description\" content=\"Sehen Sie sich alle Informationen zum Produkt Parkett L\u00e4rche Alt Natura an und kaufen Sie direkt online auf der Website ein.\" \/>\n<meta property=\"og:url\" content=\"https:\/\/shop.admonter.com\/de\/produkt\/laerche-alt-natura\/\" \/>\n<meta property=\"og:site_name\" content=\"Admonter Webshop\" \/>\n<meta property=\"article:modified_time\" content=\"2025-10-14T08:11:38+00:00\" \/>\n<meta property=\"og:image\" content=\"https:\/\/shop.admonter.com\/wp-content\/uploads\/sites\/2\/118336-Perspektive.jpg\" \/>\n\t<meta property=\"og:image:width\" content=\"720\" \/>\n\t<meta property=\"og:image:height\" content=\"1080\" \/>\n\t<meta property=\"og:image:type\" content=\"image\/jpeg\" \/>\n<meta name=\"twitter:card\" content=\"summary_large_image\" \/>\n<meta name=\"twitter:label1\" content=\"Gesch\u00e4tzte Lesezeit\" \/>\n\t<meta name=\"twitter:data1\" content=\"1\u00a0Minute\" \/>\n<script type=\"application\/ld+json\" class=\"yoast-schema-graph\">{\"@context\":\"https:\/\/schema.org\",\"@graph\":[{\"@type\":\"WebPage\",\"@id\":\"https:\/\/shop.admonter.com\/de\/produkt\/laerche-alt-natura\/\",\"url\":\"https:\/\/shop.admonter.com\/de\/produkt\/laerche-alt-natura\/\",\"name\":\"Parkett L\u00e4rche Alt Natura - Admonter Webshop\",\"isPartOf\":{\"@id\":\"https:\/\/shop.admonter.com\/de\/#website\"},\"primaryImageOfPage\":{\"@id\":\"https:\/\/shop.admonter.com\/de\/produkt\/laerche-alt-natura\/#primaryimage\"},\"image\":{\"@id\":\"https:\/\/shop.admonter.com\/de\/produkt\/laerche-alt-natura\/#primaryimage\"},\"thumbnailUrl\":\"https:\/\/shop.admonter.com\/wp-content\/uploads\/sites\/2\/118336-Perspektive.jpg\",\"datePublished\":\"2020-09-15T12:48:14+00:00\",\"dateModified\":\"2025-10-14T08:11:38+00:00\",\"description\":\"Sehen Sie sich alle Informationen zum Produkt Parkett L\u00e4rche Alt Natura an und kaufen Sie direkt online auf der Website ein.\",\"breadcrumb\":{\"@id\":\"https:\/\/shop.admonter.com\/de\/produkt\/laerche-alt-natura\/#breadcrumb\"},\"inLanguage\":\"de\",\"potentialAction\":[{\"@type\":\"ReadAction\",\"target\":[\"https:\/\/shop.admonter.com\/de\/produkt\/laerche-alt-natura\/\"]}]},{\"@type\":\"ImageObject\",\"inLanguage\":\"de\",\"@id\":\"https:\/\/shop.admonter.com\/de\/produkt\/laerche-alt-natura\/#primaryimage\",\"url\":\"https:\/\/shop.admonter.com\/wp-content\/uploads\/sites\/2\/118336-Perspektive.jpg\",\"contentUrl\":\"https:\/\/shop.admonter.com\/wp-content\/uploads\/sites\/2\/118336-Perspektive.jpg\",\"width\":720,\"height\":1080},{\"@type\":\"BreadcrumbList\",\"@id\":\"https:\/\/shop.admonter.com\/de\/produkt\/laerche-alt-natura\/#breadcrumb\",\"itemListElement\":[{\"@type\":\"ListItem\",\"position\":1,\"name\":\"Startseite\",\"item\":\"https:\/\/shop.admonter.com\/de\/\"},{\"@type\":\"ListItem\",\"position\":2,\"name\":\"Produkte\",\"item\":\"https:\/\/shop.admonter.com\/de\/shop\/\"},{\"@type\":\"ListItem\",\"position\":3,\"name\":\"118336 | Parkett L\u00e4rche Alt Natura\"}]},{\"@type\":\"WebSite\",\"@id\":\"https:\/\/shop.admonter.com\/de\/#website\",\"url\":\"https:\/\/shop.admonter.com\/de\/\",\"name\":\"Admonter Webshop\",\"description\":\"Natur im Raum\",\"publisher\":{\"@id\":\"https:\/\/shop.admonter.com\/de\/#organization\"},\"potentialAction\":[{\"@type\":\"SearchAction\",\"target\":{\"@type\":\"EntryPoint\",\"urlTemplate\":\"https:\/\/shop.admonter.com\/de\/?s={search_term_string}\"},\"query-input\":{\"@type\":\"PropertyValueSpecification\",\"valueRequired\":true,\"valueName\":\"search_term_string\"}}],\"inLanguage\":\"de\"},{\"@type\":\"Organization\",\"@id\":\"https:\/\/shop.admonter.com\/de\/#organization\",\"name\":\"Admonter Holzindustrie AG\",\"url\":\"https:\/\/shop.admonter.com\/de\/\",\"logo\":{\"@type\":\"ImageObject\",\"inLanguage\":\"de\",\"@id\":\"https:\/\/shop.admonter.com\/de\/#\/schema\/logo\/image\/\",\"url\":\"https:\/\/shop.admonter.com\/wp-content\/uploads\/sites\/2\/admonter_logo.png\",\"contentUrl\":\"https:\/\/shop.admonter.com\/wp-content\/uploads\/sites\/2\/admonter_logo.png\",\"width\":592,\"height\":100,\"caption\":\"Admonter Holzindustrie AG\"},\"image\":{\"@id\":\"https:\/\/shop.admonter.com\/de\/#\/schema\/logo\/image\/\"}}]}<\/script>\n<!-- \/ Yoast SEO Premium plugin. -->","yoast_head_json":{"title":"Parkett L\u00e4rche Alt Natura - Admonter Webshop","description":"Sehen Sie sich alle Informationen zum Produkt Parkett L\u00e4rche Alt Natura an und kaufen Sie direkt online auf der Website ein.","robots":{"index":"index","follow":"follow","max-snippet":"max-snippet:-1","max-image-preview":"max-image-preview:large","max-video-preview":"max-video-preview:-1"},"canonical":"https:\/\/shop.admonter.com\/de\/produkt\/laerche-alt-natura\/","og_locale":"de_DE","og_type":"article","og_title":"Parkett L\u00e4rche Alt Natura","og_description":"Sehen Sie sich alle Informationen zum Produkt Parkett L\u00e4rche Alt Natura an und kaufen Sie direkt online auf der Website ein.","og_url":"https:\/\/shop.admonter.com\/de\/produkt\/laerche-alt-natura\/","og_site_name":"Admonter Webshop","article_modified_time":"2025-10-14T08:11:38+00:00","og_image":[{"width":720,"height":1080,"url":"https:\/\/shop.admonter.com\/wp-content\/uploads\/sites\/2\/118336-Perspektive.jpg","type":"image\/jpeg"}],"twitter_card":"summary_large_image","twitter_misc":{"Gesch\u00e4tzte Lesezeit":"1\u00a0Minute"},"schema":{"@context":"https:\/\/schema.org","@graph":[{"@type":"WebPage","@id":"https:\/\/shop.admonter.com\/de\/produkt\/laerche-alt-natura\/","url":"https:\/\/shop.admonter.com\/de\/produkt\/laerche-alt-natura\/","name":"Parkett L\u00e4rche Alt Natura - Admonter Webshop","isPartOf":{"@id":"https:\/\/shop.admonter.com\/de\/#website"},"primaryImageOfPage":{"@id":"https:\/\/shop.admonter.com\/de\/produkt\/laerche-alt-natura\/#primaryimage"},"image":{"@id":"https:\/\/shop.admonter.com\/de\/produkt\/laerche-alt-natura\/#primaryimage"},"thumbnailUrl":"https:\/\/shop.admonter.com\/wp-content\/uploads\/sites\/2\/118336-Perspektive.jpg","datePublished":"2020-09-15T12:48:14+00:00","dateModified":"2025-10-14T08:11:38+00:00","description":"Sehen Sie sich alle Informationen zum Produkt Parkett L\u00e4rche Alt Natura an und kaufen Sie direkt online auf der Website ein.","breadcrumb":{"@id":"https:\/\/shop.admonter.com\/de\/produkt\/laerche-alt-natura\/#breadcrumb"},"inLanguage":"de","potentialAction":[{"@type":"ReadAction","target":["https:\/\/shop.admonter.com\/de\/produkt\/laerche-alt-natura\/"]}]},{"@type":"ImageObject","inLanguage":"de","@id":"https:\/\/shop.admonter.com\/de\/produkt\/laerche-alt-natura\/#primaryimage","url":"https:\/\/shop.admonter.com\/wp-content\/uploads\/sites\/2\/118336-Perspektive.jpg","contentUrl":"https:\/\/shop.admonter.com\/wp-content\/uploads\/sites\/2\/118336-Perspektive.jpg","width":720,"height":1080},{"@type":"BreadcrumbList","@id":"https:\/\/shop.admonter.com\/de\/produkt\/laerche-alt-natura\/#breadcrumb","itemListElement":[{"@type":"ListItem","position":1,"name":"Startseite","item":"https:\/\/shop.admonter.com\/de\/"},{"@type":"ListItem","position":2,"name":"Produkte","item":"https:\/\/shop.admonter.com\/de\/shop\/"},{"@type":"ListItem","position":3,"name":"118336 | Parkett L\u00e4rche Alt Natura"}]},{"@type":"WebSite","@id":"https:\/\/shop.admonter.com\/de\/#website","url":"https:\/\/shop.admonter.com\/de\/","name":"Admonter Webshop","description":"Natur im Raum","publisher":{"@id":"https:\/\/shop.admonter.com\/de\/#organization"},"potentialAction":[{"@type":"SearchAction","target":{"@type":"EntryPoint","urlTemplate":"https:\/\/shop.admonter.com\/de\/?s={search_term_string}"},"query-input":{"@type":"PropertyValueSpecification","valueRequired":true,"valueName":"search_term_string"}}],"inLanguage":"de"},{"@type":"Organization","@id":"https:\/\/shop.admonter.com\/de\/#organization","name":"Admonter Holzindustrie AG","url":"https:\/\/shop.admonter.com\/de\/","logo":{"@type":"ImageObject","inLanguage":"de","@id":"https:\/\/shop.admonter.com\/de\/#\/schema\/logo\/image\/","url":"https:\/\/shop.admonter.com\/wp-content\/uploads\/sites\/2\/admonter_logo.png","contentUrl":"https:\/\/shop.admonter.com\/wp-content\/uploads\/sites\/2\/admonter_logo.png","width":592,"height":100,"caption":"Admonter Holzindustrie AG"},"image":{"@id":"https:\/\/shop.admonter.com\/de\/#\/schema\/logo\/image\/"}}]}},"_links":{"self":[{"href":"https:\/\/shop.admonter.com\/de\/wp-json\/wp\/v2\/product\/8660","targetHints":{"allow":["GET"]}}],"collection":[{"href":"https:\/\/shop.admonter.com\/de\/wp-json\/wp\/v2\/product"}],"about":[{"href":"https:\/\/shop.admonter.com\/de\/wp-json\/wp\/v2\/types\/product"}],"wp:featuredmedia":[{"embeddable":true,"href":"https:\/\/shop.admonter.com\/de\/wp-json\/wp\/v2\/media\/10313"}],"wp:attachment":[{"href":"https:\/\/shop.admonter.com\/de\/wp-json\/wp\/v2\/media?parent=8660"}],"wp:term":[{"taxonomy":"product_brand","embeddable":true,"href":"https:\/\/shop.admonter.com\/de\/wp-json\/wp\/v2\/product_brand?post=8660"},{"taxonomy":"product_cat","embeddable":true,"href":"https:\/\/shop.admonter.com\/de\/wp-json\/wp\/v2\/product_cat?post=8660"},{"taxonomy":"product_tag","embeddable":true,"href":"https:\/\/shop.admonter.com\/de\/wp-json\/wp\/v2\/product_tag?post=8660"}],"curies":[{"name":"wp","href":"https:\/\/api.w.org\/{rel}","templated":true}]}}