{"id":8188,"date":"2020-09-11T11:16:19","date_gmt":"2020-09-11T09:16:19","guid":{"rendered":"https:\/\/shop.admonter.com\/?post_type=product&#038;p=8188"},"modified":"2026-01-15T12:53:05","modified_gmt":"2026-01-15T10:53:05","slug":"admonter-reparatur-oel-30ml","status":"publish","type":"product","link":"https:\/\/shop.admonter.com\/de\/produkt\/admonter-reparatur-oel-30ml\/","title":{"rendered":"121292 | Admonter Reparatur-\u00d6l, 30ml"},"content":{"rendered":"","protected":false},"excerpt":{"rendered":"<p>F\u00fcr kleinere Reparaturarbeiten mischen wir Ihnen zum Boden farblich angepasste \u00d6le. Durch den\u00a0Auftrag mit dem Pinsel k\u00f6nnen kleinere Besch\u00e4digungen ausgebessert werden.<\/p>\n<p>(Vor der Anwendung auf einem Muster testen!), 30 ml Gebinde mit Pinsel<\/p>\n","protected":false},"featured_media":11044,"template":"","meta":{"_acf_changed":false},"product_brand":[],"product_cat":[1203,1927],"product_tag":[],"class_list":{"0":"post-8188","1":"product","2":"type-product","3":"status-publish","4":"has-post-thumbnail","6":"product_cat-maintenance-care","7":"product_cat-care","8":"product_shipping_class-sideproduct","10":"first","11":"instock","12":"taxable","13":"shipping-taxable","14":"purchasable","15":"product-type-simple"},"acf":[],"yoast_head":"<!-- This site is optimized with the Yoast SEO Premium plugin v20.8 (Yoast SEO v26.8) - https:\/\/yoast.com\/product\/yoast-seo-premium-wordpress\/ -->\n<title>Admonter Reparatur-\u00d6l, 30ml - Admonter Webshop<\/title>\n<meta name=\"description\" content=\"Sehen Sie sich alle Informationen zum Produkt Admonter Reparatur-\u00d6l, 30ml an und kaufen Sie direkt online auf der Website ein.\" \/>\n<meta name=\"robots\" content=\"index, follow, max-snippet:-1, max-image-preview:large, max-video-preview:-1\" \/>\n<link rel=\"canonical\" href=\"https:\/\/shop.admonter.com\/de\/produkt\/admonter-reparatur-oel-30ml\/\" \/>\n<meta property=\"og:locale\" content=\"de_DE\" \/>\n<meta property=\"og:type\" content=\"article\" \/>\n<meta property=\"og:title\" content=\"Admonter Reparatur-\u00d6l, 30ml\" \/>\n<meta property=\"og:description\" content=\"Sehen Sie sich alle Informationen zum Produkt Admonter Reparatur-\u00d6l, 30ml an und kaufen Sie direkt online auf der Website ein.\" \/>\n<meta property=\"og:url\" content=\"https:\/\/shop.admonter.com\/de\/produkt\/admonter-reparatur-oel-30ml\/\" \/>\n<meta property=\"og:site_name\" content=\"Admonter Webshop\" \/>\n<meta property=\"article:modified_time\" content=\"2026-01-15T10:53:05+00:00\" \/>\n<meta property=\"og:image\" content=\"https:\/\/shop.admonter.com\/wp-content\/uploads\/sites\/2\/121292-Perspektive.jpg\" \/>\n\t<meta property=\"og:image:width\" content=\"512\" \/>\n\t<meta property=\"og:image:height\" content=\"512\" \/>\n\t<meta property=\"og:image:type\" content=\"image\/jpeg\" \/>\n<meta name=\"twitter:card\" content=\"summary_large_image\" \/>\n<script type=\"application\/ld+json\" class=\"yoast-schema-graph\">{\"@context\":\"https:\/\/schema.org\",\"@graph\":[{\"@type\":\"WebPage\",\"@id\":\"https:\/\/shop.admonter.com\/de\/produkt\/admonter-reparatur-oel-30ml\/\",\"url\":\"https:\/\/shop.admonter.com\/de\/produkt\/admonter-reparatur-oel-30ml\/\",\"name\":\"Admonter Reparatur-\u00d6l, 30ml - Admonter Webshop\",\"isPartOf\":{\"@id\":\"https:\/\/shop.admonter.com\/de\/#website\"},\"primaryImageOfPage\":{\"@id\":\"https:\/\/shop.admonter.com\/de\/produkt\/admonter-reparatur-oel-30ml\/#primaryimage\"},\"image\":{\"@id\":\"https:\/\/shop.admonter.com\/de\/produkt\/admonter-reparatur-oel-30ml\/#primaryimage\"},\"thumbnailUrl\":\"https:\/\/shop.admonter.com\/wp-content\/uploads\/sites\/2\/121292-Perspektive.jpg\",\"datePublished\":\"2020-09-11T09:16:19+00:00\",\"dateModified\":\"2026-01-15T10:53:05+00:00\",\"description\":\"Sehen Sie sich alle Informationen zum Produkt Admonter Reparatur-\u00d6l, 30ml an und kaufen Sie direkt online auf der Website ein.\",\"breadcrumb\":{\"@id\":\"https:\/\/shop.admonter.com\/de\/produkt\/admonter-reparatur-oel-30ml\/#breadcrumb\"},\"inLanguage\":\"de\",\"potentialAction\":[{\"@type\":\"ReadAction\",\"target\":[\"https:\/\/shop.admonter.com\/de\/produkt\/admonter-reparatur-oel-30ml\/\"]}]},{\"@type\":\"ImageObject\",\"inLanguage\":\"de\",\"@id\":\"https:\/\/shop.admonter.com\/de\/produkt\/admonter-reparatur-oel-30ml\/#primaryimage\",\"url\":\"https:\/\/shop.admonter.com\/wp-content\/uploads\/sites\/2\/121292-Perspektive.jpg\",\"contentUrl\":\"https:\/\/shop.admonter.com\/wp-content\/uploads\/sites\/2\/121292-Perspektive.jpg\",\"width\":512,\"height\":512,\"caption\":\"Reperatur-\u00d6l wei\u00df\"},{\"@type\":\"BreadcrumbList\",\"@id\":\"https:\/\/shop.admonter.com\/de\/produkt\/admonter-reparatur-oel-30ml\/#breadcrumb\",\"itemListElement\":[{\"@type\":\"ListItem\",\"position\":1,\"name\":\"Startseite\",\"item\":\"https:\/\/shop.admonter.com\/de\/\"},{\"@type\":\"ListItem\",\"position\":2,\"name\":\"Produkte\",\"item\":\"https:\/\/shop.admonter.com\/de\/shop\/\"},{\"@type\":\"ListItem\",\"position\":3,\"name\":\"121292 | Admonter Reparatur-\u00d6l, 30ml\"}]},{\"@type\":\"WebSite\",\"@id\":\"https:\/\/shop.admonter.com\/de\/#website\",\"url\":\"https:\/\/shop.admonter.com\/de\/\",\"name\":\"Admonter Webshop\",\"description\":\"Natur im Raum\",\"publisher\":{\"@id\":\"https:\/\/shop.admonter.com\/de\/#organization\"},\"potentialAction\":[{\"@type\":\"SearchAction\",\"target\":{\"@type\":\"EntryPoint\",\"urlTemplate\":\"https:\/\/shop.admonter.com\/de\/?s={search_term_string}\"},\"query-input\":{\"@type\":\"PropertyValueSpecification\",\"valueRequired\":true,\"valueName\":\"search_term_string\"}}],\"inLanguage\":\"de\"},{\"@type\":\"Organization\",\"@id\":\"https:\/\/shop.admonter.com\/de\/#organization\",\"name\":\"Admonter Holzindustrie AG\",\"url\":\"https:\/\/shop.admonter.com\/de\/\",\"logo\":{\"@type\":\"ImageObject\",\"inLanguage\":\"de\",\"@id\":\"https:\/\/shop.admonter.com\/de\/#\/schema\/logo\/image\/\",\"url\":\"https:\/\/shop.admonter.com\/wp-content\/uploads\/sites\/2\/admonter_logo.png\",\"contentUrl\":\"https:\/\/shop.admonter.com\/wp-content\/uploads\/sites\/2\/admonter_logo.png\",\"width\":592,\"height\":100,\"caption\":\"Admonter Holzindustrie AG\"},\"image\":{\"@id\":\"https:\/\/shop.admonter.com\/de\/#\/schema\/logo\/image\/\"}}]}<\/script>\n<!-- \/ Yoast SEO Premium plugin. -->","yoast_head_json":{"title":"Admonter Reparatur-\u00d6l, 30ml - Admonter Webshop","description":"Sehen Sie sich alle Informationen zum Produkt Admonter Reparatur-\u00d6l, 30ml an und kaufen Sie direkt online auf der Website ein.","robots":{"index":"index","follow":"follow","max-snippet":"max-snippet:-1","max-image-preview":"max-image-preview:large","max-video-preview":"max-video-preview:-1"},"canonical":"https:\/\/shop.admonter.com\/de\/produkt\/admonter-reparatur-oel-30ml\/","og_locale":"de_DE","og_type":"article","og_title":"Admonter Reparatur-\u00d6l, 30ml","og_description":"Sehen Sie sich alle Informationen zum Produkt Admonter Reparatur-\u00d6l, 30ml an und kaufen Sie direkt online auf der Website ein.","og_url":"https:\/\/shop.admonter.com\/de\/produkt\/admonter-reparatur-oel-30ml\/","og_site_name":"Admonter Webshop","article_modified_time":"2026-01-15T10:53:05+00:00","og_image":[{"width":512,"height":512,"url":"https:\/\/shop.admonter.com\/wp-content\/uploads\/sites\/2\/121292-Perspektive.jpg","type":"image\/jpeg"}],"twitter_card":"summary_large_image","schema":{"@context":"https:\/\/schema.org","@graph":[{"@type":"WebPage","@id":"https:\/\/shop.admonter.com\/de\/produkt\/admonter-reparatur-oel-30ml\/","url":"https:\/\/shop.admonter.com\/de\/produkt\/admonter-reparatur-oel-30ml\/","name":"Admonter Reparatur-\u00d6l, 30ml - Admonter Webshop","isPartOf":{"@id":"https:\/\/shop.admonter.com\/de\/#website"},"primaryImageOfPage":{"@id":"https:\/\/shop.admonter.com\/de\/produkt\/admonter-reparatur-oel-30ml\/#primaryimage"},"image":{"@id":"https:\/\/shop.admonter.com\/de\/produkt\/admonter-reparatur-oel-30ml\/#primaryimage"},"thumbnailUrl":"https:\/\/shop.admonter.com\/wp-content\/uploads\/sites\/2\/121292-Perspektive.jpg","datePublished":"2020-09-11T09:16:19+00:00","dateModified":"2026-01-15T10:53:05+00:00","description":"Sehen Sie sich alle Informationen zum Produkt Admonter Reparatur-\u00d6l, 30ml an und kaufen Sie direkt online auf der Website ein.","breadcrumb":{"@id":"https:\/\/shop.admonter.com\/de\/produkt\/admonter-reparatur-oel-30ml\/#breadcrumb"},"inLanguage":"de","potentialAction":[{"@type":"ReadAction","target":["https:\/\/shop.admonter.com\/de\/produkt\/admonter-reparatur-oel-30ml\/"]}]},{"@type":"ImageObject","inLanguage":"de","@id":"https:\/\/shop.admonter.com\/de\/produkt\/admonter-reparatur-oel-30ml\/#primaryimage","url":"https:\/\/shop.admonter.com\/wp-content\/uploads\/sites\/2\/121292-Perspektive.jpg","contentUrl":"https:\/\/shop.admonter.com\/wp-content\/uploads\/sites\/2\/121292-Perspektive.jpg","width":512,"height":512,"caption":"Reperatur-\u00d6l wei\u00df"},{"@type":"BreadcrumbList","@id":"https:\/\/shop.admonter.com\/de\/produkt\/admonter-reparatur-oel-30ml\/#breadcrumb","itemListElement":[{"@type":"ListItem","position":1,"name":"Startseite","item":"https:\/\/shop.admonter.com\/de\/"},{"@type":"ListItem","position":2,"name":"Produkte","item":"https:\/\/shop.admonter.com\/de\/shop\/"},{"@type":"ListItem","position":3,"name":"121292 | Admonter Reparatur-\u00d6l, 30ml"}]},{"@type":"WebSite","@id":"https:\/\/shop.admonter.com\/de\/#website","url":"https:\/\/shop.admonter.com\/de\/","name":"Admonter Webshop","description":"Natur im Raum","publisher":{"@id":"https:\/\/shop.admonter.com\/de\/#organization"},"potentialAction":[{"@type":"SearchAction","target":{"@type":"EntryPoint","urlTemplate":"https:\/\/shop.admonter.com\/de\/?s={search_term_string}"},"query-input":{"@type":"PropertyValueSpecification","valueRequired":true,"valueName":"search_term_string"}}],"inLanguage":"de"},{"@type":"Organization","@id":"https:\/\/shop.admonter.com\/de\/#organization","name":"Admonter Holzindustrie AG","url":"https:\/\/shop.admonter.com\/de\/","logo":{"@type":"ImageObject","inLanguage":"de","@id":"https:\/\/shop.admonter.com\/de\/#\/schema\/logo\/image\/","url":"https:\/\/shop.admonter.com\/wp-content\/uploads\/sites\/2\/admonter_logo.png","contentUrl":"https:\/\/shop.admonter.com\/wp-content\/uploads\/sites\/2\/admonter_logo.png","width":592,"height":100,"caption":"Admonter Holzindustrie AG"},"image":{"@id":"https:\/\/shop.admonter.com\/de\/#\/schema\/logo\/image\/"}}]}},"_links":{"self":[{"href":"https:\/\/shop.admonter.com\/de\/wp-json\/wp\/v2\/product\/8188","targetHints":{"allow":["GET"]}}],"collection":[{"href":"https:\/\/shop.admonter.com\/de\/wp-json\/wp\/v2\/product"}],"about":[{"href":"https:\/\/shop.admonter.com\/de\/wp-json\/wp\/v2\/types\/product"}],"wp:featuredmedia":[{"embeddable":true,"href":"https:\/\/shop.admonter.com\/de\/wp-json\/wp\/v2\/media\/11044"}],"wp:attachment":[{"href":"https:\/\/shop.admonter.com\/de\/wp-json\/wp\/v2\/media?parent=8188"}],"wp:term":[{"taxonomy":"product_brand","embeddable":true,"href":"https:\/\/shop.admonter.com\/de\/wp-json\/wp\/v2\/product_brand?post=8188"},{"taxonomy":"product_cat","embeddable":true,"href":"https:\/\/shop.admonter.com\/de\/wp-json\/wp\/v2\/product_cat?post=8188"},{"taxonomy":"product_tag","embeddable":true,"href":"https:\/\/shop.admonter.com\/de\/wp-json\/wp\/v2\/product_tag?post=8188"}],"curies":[{"name":"wp","href":"https:\/\/api.w.org\/{rel}","templated":true}]}}