{"id":8096,"date":"2020-09-08T11:57:17","date_gmt":"2020-09-08T09:57:17","guid":{"rendered":"https:\/\/shop.admonter.com\/produkt\/106363-eiche-weiss-basic-15x192x2400mm\/"},"modified":"2025-10-14T10:23:06","modified_gmt":"2025-10-14T08:23:06","slug":"eiche-weiss","status":"publish","type":"product","link":"https:\/\/shop.admonter.com\/de\/produkt\/eiche-weiss\/","title":{"rendered":"106363 | Parkett Eiche wei\u00df"},"content":{"rendered":"","protected":false},"excerpt":{"rendered":"<p>Der wei\u00dfe, etwas k\u00fchlere Farbton der Eiche wei\u00df macht jede<br \/>\nWohnsituation zu einem edlen Stimmungsbild. Die Dielen einer basic<br \/>\nSortierung sind naturastig mit ausgewogenem Astbild.<\/p>\n","protected":false},"featured_media":20116,"template":"","meta":{"_acf_changed":false},"product_brand":[],"product_cat":[64],"product_tag":[],"class_list":{"0":"post-8096","1":"product","2":"type-product","3":"status-publish","4":"has-post-thumbnail","6":"product_cat-floors","7":"product_shipping_class-mainproduct","9":"first","10":"instock","11":"taxable","12":"shipping-taxable","13":"purchasable","14":"product-type-simple"},"acf":[],"yoast_head":"<!-- This site is optimized with the Yoast SEO Premium plugin v20.8 (Yoast SEO v26.8) - https:\/\/yoast.com\/product\/yoast-seo-premium-wordpress\/ -->\n<title>Parkett Eiche wei\u00df - Admonter Webshop<\/title>\n<meta name=\"description\" content=\"Sehen Sie sich alle Informationen zum Produkt Parkett Eiche wei\u00df an und kaufen Sie direkt online auf der Website ein.\" \/>\n<meta name=\"robots\" content=\"index, follow, max-snippet:-1, max-image-preview:large, max-video-preview:-1\" \/>\n<link rel=\"canonical\" href=\"https:\/\/shop.admonter.com\/de\/produkt\/eiche-weiss\/\" \/>\n<meta property=\"og:locale\" content=\"de_DE\" \/>\n<meta property=\"og:type\" content=\"article\" \/>\n<meta property=\"og:title\" content=\"Parkett Eiche wei\u00df\" \/>\n<meta property=\"og:description\" content=\"Sehen Sie sich alle Informationen zum Produkt Parkett Eiche wei\u00df an und kaufen Sie direkt online auf der Website ein.\" \/>\n<meta property=\"og:url\" content=\"https:\/\/shop.admonter.com\/de\/produkt\/eiche-weiss\/\" \/>\n<meta property=\"og:site_name\" content=\"Admonter Webshop\" \/>\n<meta property=\"article:modified_time\" content=\"2025-10-14T08:23:06+00:00\" \/>\n<meta property=\"og:image\" content=\"https:\/\/shop.admonter.com\/wp-content\/uploads\/sites\/2\/Eiche-weiss-basic-gebuerstet-natur-geoelt_persp-1-scaled.jpg\" \/>\n\t<meta property=\"og:image:width\" content=\"1448\" \/>\n\t<meta property=\"og:image:height\" content=\"2048\" \/>\n\t<meta property=\"og:image:type\" content=\"image\/jpeg\" \/>\n<meta name=\"twitter:card\" content=\"summary_large_image\" \/>\n<meta name=\"twitter:label1\" content=\"Gesch\u00e4tzte Lesezeit\" \/>\n\t<meta name=\"twitter:data1\" content=\"1\u00a0Minute\" \/>\n<script type=\"application\/ld+json\" class=\"yoast-schema-graph\">{\"@context\":\"https:\/\/schema.org\",\"@graph\":[{\"@type\":\"WebPage\",\"@id\":\"https:\/\/shop.admonter.com\/de\/produkt\/eiche-weiss\/\",\"url\":\"https:\/\/shop.admonter.com\/de\/produkt\/eiche-weiss\/\",\"name\":\"Parkett Eiche wei\u00df - Admonter Webshop\",\"isPartOf\":{\"@id\":\"https:\/\/shop.admonter.com\/de\/#website\"},\"primaryImageOfPage\":{\"@id\":\"https:\/\/shop.admonter.com\/de\/produkt\/eiche-weiss\/#primaryimage\"},\"image\":{\"@id\":\"https:\/\/shop.admonter.com\/de\/produkt\/eiche-weiss\/#primaryimage\"},\"thumbnailUrl\":\"https:\/\/shop.admonter.com\/wp-content\/uploads\/sites\/2\/Eiche-weiss-basic-gebuerstet-natur-geoelt_persp-1-scaled.jpg\",\"datePublished\":\"2020-09-08T09:57:17+00:00\",\"dateModified\":\"2025-10-14T08:23:06+00:00\",\"description\":\"Sehen Sie sich alle Informationen zum Produkt Parkett Eiche wei\u00df an und kaufen Sie direkt online auf der Website ein.\",\"breadcrumb\":{\"@id\":\"https:\/\/shop.admonter.com\/de\/produkt\/eiche-weiss\/#breadcrumb\"},\"inLanguage\":\"de\",\"potentialAction\":[{\"@type\":\"ReadAction\",\"target\":[\"https:\/\/shop.admonter.com\/de\/produkt\/eiche-weiss\/\"]}]},{\"@type\":\"ImageObject\",\"inLanguage\":\"de\",\"@id\":\"https:\/\/shop.admonter.com\/de\/produkt\/eiche-weiss\/#primaryimage\",\"url\":\"https:\/\/shop.admonter.com\/wp-content\/uploads\/sites\/2\/Eiche-weiss-basic-gebuerstet-natur-geoelt_persp-1-scaled.jpg\",\"contentUrl\":\"https:\/\/shop.admonter.com\/wp-content\/uploads\/sites\/2\/Eiche-weiss-basic-gebuerstet-natur-geoelt_persp-1-scaled.jpg\",\"width\":1448,\"height\":2048,\"caption\":\"Eiche weiss basic gebuerstet natur geoelt persp\"},{\"@type\":\"BreadcrumbList\",\"@id\":\"https:\/\/shop.admonter.com\/de\/produkt\/eiche-weiss\/#breadcrumb\",\"itemListElement\":[{\"@type\":\"ListItem\",\"position\":1,\"name\":\"Startseite\",\"item\":\"https:\/\/shop.admonter.com\/de\/\"},{\"@type\":\"ListItem\",\"position\":2,\"name\":\"Produkte\",\"item\":\"https:\/\/shop.admonter.com\/de\/shop\/\"},{\"@type\":\"ListItem\",\"position\":3,\"name\":\"106363 | Parkett Eiche wei\u00df\"}]},{\"@type\":\"WebSite\",\"@id\":\"https:\/\/shop.admonter.com\/de\/#website\",\"url\":\"https:\/\/shop.admonter.com\/de\/\",\"name\":\"Admonter Webshop\",\"description\":\"Natur im Raum\",\"publisher\":{\"@id\":\"https:\/\/shop.admonter.com\/de\/#organization\"},\"potentialAction\":[{\"@type\":\"SearchAction\",\"target\":{\"@type\":\"EntryPoint\",\"urlTemplate\":\"https:\/\/shop.admonter.com\/de\/?s={search_term_string}\"},\"query-input\":{\"@type\":\"PropertyValueSpecification\",\"valueRequired\":true,\"valueName\":\"search_term_string\"}}],\"inLanguage\":\"de\"},{\"@type\":\"Organization\",\"@id\":\"https:\/\/shop.admonter.com\/de\/#organization\",\"name\":\"Admonter Holzindustrie AG\",\"url\":\"https:\/\/shop.admonter.com\/de\/\",\"logo\":{\"@type\":\"ImageObject\",\"inLanguage\":\"de\",\"@id\":\"https:\/\/shop.admonter.com\/de\/#\/schema\/logo\/image\/\",\"url\":\"https:\/\/shop.admonter.com\/wp-content\/uploads\/sites\/2\/admonter_logo.png\",\"contentUrl\":\"https:\/\/shop.admonter.com\/wp-content\/uploads\/sites\/2\/admonter_logo.png\",\"width\":592,\"height\":100,\"caption\":\"Admonter Holzindustrie AG\"},\"image\":{\"@id\":\"https:\/\/shop.admonter.com\/de\/#\/schema\/logo\/image\/\"}}]}<\/script>\n<!-- \/ Yoast SEO Premium plugin. -->","yoast_head_json":{"title":"Parkett Eiche wei\u00df - Admonter Webshop","description":"Sehen Sie sich alle Informationen zum Produkt Parkett Eiche wei\u00df an und kaufen Sie direkt online auf der Website ein.","robots":{"index":"index","follow":"follow","max-snippet":"max-snippet:-1","max-image-preview":"max-image-preview:large","max-video-preview":"max-video-preview:-1"},"canonical":"https:\/\/shop.admonter.com\/de\/produkt\/eiche-weiss\/","og_locale":"de_DE","og_type":"article","og_title":"Parkett Eiche wei\u00df","og_description":"Sehen Sie sich alle Informationen zum Produkt Parkett Eiche wei\u00df an und kaufen Sie direkt online auf der Website ein.","og_url":"https:\/\/shop.admonter.com\/de\/produkt\/eiche-weiss\/","og_site_name":"Admonter Webshop","article_modified_time":"2025-10-14T08:23:06+00:00","og_image":[{"width":1448,"height":2048,"url":"https:\/\/shop.admonter.com\/wp-content\/uploads\/sites\/2\/Eiche-weiss-basic-gebuerstet-natur-geoelt_persp-1-scaled.jpg","type":"image\/jpeg"}],"twitter_card":"summary_large_image","twitter_misc":{"Gesch\u00e4tzte Lesezeit":"1\u00a0Minute"},"schema":{"@context":"https:\/\/schema.org","@graph":[{"@type":"WebPage","@id":"https:\/\/shop.admonter.com\/de\/produkt\/eiche-weiss\/","url":"https:\/\/shop.admonter.com\/de\/produkt\/eiche-weiss\/","name":"Parkett Eiche wei\u00df - Admonter Webshop","isPartOf":{"@id":"https:\/\/shop.admonter.com\/de\/#website"},"primaryImageOfPage":{"@id":"https:\/\/shop.admonter.com\/de\/produkt\/eiche-weiss\/#primaryimage"},"image":{"@id":"https:\/\/shop.admonter.com\/de\/produkt\/eiche-weiss\/#primaryimage"},"thumbnailUrl":"https:\/\/shop.admonter.com\/wp-content\/uploads\/sites\/2\/Eiche-weiss-basic-gebuerstet-natur-geoelt_persp-1-scaled.jpg","datePublished":"2020-09-08T09:57:17+00:00","dateModified":"2025-10-14T08:23:06+00:00","description":"Sehen Sie sich alle Informationen zum Produkt Parkett Eiche wei\u00df an und kaufen Sie direkt online auf der Website ein.","breadcrumb":{"@id":"https:\/\/shop.admonter.com\/de\/produkt\/eiche-weiss\/#breadcrumb"},"inLanguage":"de","potentialAction":[{"@type":"ReadAction","target":["https:\/\/shop.admonter.com\/de\/produkt\/eiche-weiss\/"]}]},{"@type":"ImageObject","inLanguage":"de","@id":"https:\/\/shop.admonter.com\/de\/produkt\/eiche-weiss\/#primaryimage","url":"https:\/\/shop.admonter.com\/wp-content\/uploads\/sites\/2\/Eiche-weiss-basic-gebuerstet-natur-geoelt_persp-1-scaled.jpg","contentUrl":"https:\/\/shop.admonter.com\/wp-content\/uploads\/sites\/2\/Eiche-weiss-basic-gebuerstet-natur-geoelt_persp-1-scaled.jpg","width":1448,"height":2048,"caption":"Eiche weiss basic gebuerstet natur geoelt persp"},{"@type":"BreadcrumbList","@id":"https:\/\/shop.admonter.com\/de\/produkt\/eiche-weiss\/#breadcrumb","itemListElement":[{"@type":"ListItem","position":1,"name":"Startseite","item":"https:\/\/shop.admonter.com\/de\/"},{"@type":"ListItem","position":2,"name":"Produkte","item":"https:\/\/shop.admonter.com\/de\/shop\/"},{"@type":"ListItem","position":3,"name":"106363 | Parkett Eiche wei\u00df"}]},{"@type":"WebSite","@id":"https:\/\/shop.admonter.com\/de\/#website","url":"https:\/\/shop.admonter.com\/de\/","name":"Admonter Webshop","description":"Natur im Raum","publisher":{"@id":"https:\/\/shop.admonter.com\/de\/#organization"},"potentialAction":[{"@type":"SearchAction","target":{"@type":"EntryPoint","urlTemplate":"https:\/\/shop.admonter.com\/de\/?s={search_term_string}"},"query-input":{"@type":"PropertyValueSpecification","valueRequired":true,"valueName":"search_term_string"}}],"inLanguage":"de"},{"@type":"Organization","@id":"https:\/\/shop.admonter.com\/de\/#organization","name":"Admonter Holzindustrie AG","url":"https:\/\/shop.admonter.com\/de\/","logo":{"@type":"ImageObject","inLanguage":"de","@id":"https:\/\/shop.admonter.com\/de\/#\/schema\/logo\/image\/","url":"https:\/\/shop.admonter.com\/wp-content\/uploads\/sites\/2\/admonter_logo.png","contentUrl":"https:\/\/shop.admonter.com\/wp-content\/uploads\/sites\/2\/admonter_logo.png","width":592,"height":100,"caption":"Admonter Holzindustrie AG"},"image":{"@id":"https:\/\/shop.admonter.com\/de\/#\/schema\/logo\/image\/"}}]}},"_links":{"self":[{"href":"https:\/\/shop.admonter.com\/de\/wp-json\/wp\/v2\/product\/8096","targetHints":{"allow":["GET"]}}],"collection":[{"href":"https:\/\/shop.admonter.com\/de\/wp-json\/wp\/v2\/product"}],"about":[{"href":"https:\/\/shop.admonter.com\/de\/wp-json\/wp\/v2\/types\/product"}],"wp:featuredmedia":[{"embeddable":true,"href":"https:\/\/shop.admonter.com\/de\/wp-json\/wp\/v2\/media\/20116"}],"wp:attachment":[{"href":"https:\/\/shop.admonter.com\/de\/wp-json\/wp\/v2\/media?parent=8096"}],"wp:term":[{"taxonomy":"product_brand","embeddable":true,"href":"https:\/\/shop.admonter.com\/de\/wp-json\/wp\/v2\/product_brand?post=8096"},{"taxonomy":"product_cat","embeddable":true,"href":"https:\/\/shop.admonter.com\/de\/wp-json\/wp\/v2\/product_cat?post=8096"},{"taxonomy":"product_tag","embeddable":true,"href":"https:\/\/shop.admonter.com\/de\/wp-json\/wp\/v2\/product_tag?post=8096"}],"curies":[{"name":"wp","href":"https:\/\/api.w.org\/{rel}","templated":true}]}}