{"id":13246,"date":"2020-10-28T11:32:26","date_gmt":"2020-10-28T09:32:26","guid":{"rendered":"https:\/\/shop.admonter.com\/?page_id=13246"},"modified":"2025-09-26T09:28:19","modified_gmt":"2025-09-26T07:28:19","slug":"versandkosten","status":"publish","type":"page","link":"https:\/\/shop.admonter.com\/de\/versandkosten\/","title":{"rendered":"Versandkosten"},"content":{"rendered":"\t\t<div data-elementor-type=\"wp-page\" data-elementor-id=\"13246\" class=\"elementor elementor-13246\" data-elementor-post-type=\"page\">\n\t\t\t\t\t\t<section class=\"elementor-section elementor-top-section elementor-element elementor-element-7eef4eb elementor-section-height-full elementor-section-boxed elementor-section-height-default elementor-section-items-middle\" data-id=\"7eef4eb\" data-element_type=\"section\">\n\t\t\t\t\t\t<div class=\"elementor-container elementor-column-gap-default\">\n\t\t\t\t\t<div class=\"elementor-column elementor-col-100 elementor-top-column elementor-element elementor-element-c0242dc\" data-id=\"c0242dc\" data-element_type=\"column\">\n\t\t\t<div class=\"elementor-widget-wrap elementor-element-populated\">\n\t\t\t\t\t\t<div class=\"elementor-element elementor-element-0c76236 elementor-widget elementor-widget-heading\" data-id=\"0c76236\" data-element_type=\"widget\" data-widget_type=\"heading.default\">\n\t\t\t\t<div class=\"elementor-widget-container\">\n\t\t\t\t\t<h1 class=\"elementor-heading-title elementor-size-default\">Versandkosten<\/h1>\t\t\t\t<\/div>\n\t\t\t\t<\/div>\n\t\t\t\t<div class=\"elementor-element elementor-element-a2d782d elementor-widget elementor-widget-text-editor\" data-id=\"a2d782d\" data-element_type=\"widget\" data-widget_type=\"text-editor.default\">\n\t\t\t\t<div class=\"elementor-widget-container\">\n\t\t\t\t\t\t\t\t\t<p><strong>EU<\/strong><\/p>\n<ul>\n<li>\u00d6sterreich\/Deutschland\/Schweiz: \u20ac 6.00<\/li>\n<li>Italien, Frankreich Niederlande, Belgien, Luxemburg, D\u00e4nemark, Tschechien, Slowakei und Slowenien: \u20ac 11.00<\/li>\n<li>Restliche EU-L\u00e4nder: \u20ac 20.00<\/li>\n<\/ul>\n<p><strong>Rest of World <\/strong>\u20ac 29.50<\/p>\t\t\t\t\t\t\t\t<\/div>\n\t\t\t\t<\/div>\n\t\t\t\t<div class=\"elementor-element elementor-element-ad92313 elementor-widget elementor-widget-text-editor\" data-id=\"ad92313\" data-element_type=\"widget\" data-widget_type=\"text-editor.default\">\n\t\t\t\t<div class=\"elementor-widget-container\">\n\t\t\t\t\t\t\t\t\t<p><span style=\"text-decoration: underline\">Versand in ein Nicht-EU-Land<\/span><\/p><p>Sofern die Lieferung in ein Nicht-EU-Ausland erfolgt, k\u00f6nnen weitere Z\u00f6lle, Steuern oder Geb\u00fchren vom Kunden zu zahlen sein, jedoch nicht an Admonter, sondern an die dort zust\u00e4ndigen Zoll- bzw. Steuerbeh\u00f6rden. Wir empfehlen, die Einzelheiten vor der Bestellung bei den Zoll- bzw. Steuerbeh\u00f6rden zu erfragen.<\/p>\t\t\t\t\t\t\t\t<\/div>\n\t\t\t\t<\/div>\n\t\t\t\t<div class=\"elementor-element elementor-element-c910ec2 elementor-widget elementor-widget-text-editor\" data-id=\"c910ec2\" data-element_type=\"widget\" data-widget_type=\"text-editor.default\">\n\t\t\t\t<div class=\"elementor-widget-container\">\n\t\t\t\t\t\t\t\t\t<p><span style=\"text-decoration: underline\">Hinweise Nicht-EU-Land (Stand 01.10.2025)<\/span><\/p><p>Ein Versand unserer Reinigungs- und Pflegemittel ist an folgende L\u00e4nder nicht m\u00f6glich: Vereinigte Staaten von Amerika (USA).<br \/>F\u00fcr manuelle Bestellungen kontaktieren Sie bitte <a href=\"mailto:order@admonter.at\">order@admonter.at<\/a>.<\/p>\t\t\t\t\t\t\t\t<\/div>\n\t\t\t\t<\/div>\n\t\t\t\t\t<\/div>\n\t\t<\/div>\n\t\t\t\t\t<\/div>\n\t\t<\/section>\n\t\t\t\t<\/div>\n\t\t","protected":false},"excerpt":{"rendered":"<p>Versandkosten EU \u00d6sterreich\/Deutschland\/Schweiz: \u20ac 6.00 Italien, Frankreich Niederlande, Belgien, Luxemburg, D\u00e4nemark, Tschechien, Slowakei und Slowenien: \u20ac 11.00 Restliche EU-L\u00e4nder: \u20ac 20.00 Rest of World \u20ac 29.50 Versand in ein Nicht-EU-Land Sofern die Lieferung in ein Nicht-EU-Ausland erfolgt, k\u00f6nnen weitere Z\u00f6lle, Steuern oder Geb\u00fchren vom Kunden zu zahlen sein, jedoch nicht an Admonter, sondern an die [&hellip;]<\/p>\n","protected":false},"author":1,"featured_media":0,"parent":0,"menu_order":0,"comment_status":"closed","ping_status":"closed","template":"","meta":{"_acf_changed":false,"footnotes":""},"class_list":["post-13246","page","type-page","status-publish","hentry"],"acf":[],"yoast_head":"<!-- This site is optimized with the Yoast SEO Premium plugin v20.8 (Yoast SEO v26.8) - https:\/\/yoast.com\/product\/yoast-seo-premium-wordpress\/ -->\n<title>Versandkosten - Admonter Webshop<\/title>\n<meta name=\"description\" content=\"Die Versandkosten f\u00fcr Muster und Pflegemittel betragen je nach Region in Europa zwischen \u20ac 6.00 und \u20ac 20.00, weltweit \u20ac 29.50.\" \/>\n<meta name=\"robots\" content=\"index, follow, max-snippet:-1, max-image-preview:large, max-video-preview:-1\" \/>\n<link rel=\"canonical\" href=\"https:\/\/shop.admonter.com\/de\/versandkosten\/\" \/>\n<meta property=\"og:locale\" content=\"de_DE\" \/>\n<meta property=\"og:type\" content=\"article\" \/>\n<meta property=\"og:title\" content=\"Versandkosten\" \/>\n<meta property=\"og:description\" content=\"Die Versandkosten f\u00fcr Muster und Pflegemittel betragen je nach Region in Europa zwischen \u20ac 6.00 und \u20ac 20.00, weltweit \u20ac 29.50.\" \/>\n<meta property=\"og:url\" content=\"https:\/\/shop.admonter.com\/de\/versandkosten\/\" \/>\n<meta property=\"og:site_name\" content=\"Admonter Webshop\" \/>\n<meta property=\"article:modified_time\" content=\"2025-09-26T07:28:19+00:00\" \/>\n<meta property=\"og:image\" content=\"https:\/\/shop.admonter.com\/wp-content\/uploads\/sites\/2\/shop_header-1-e1591092494353.png\" \/>\n\t<meta property=\"og:image:width\" content=\"1374\" \/>\n\t<meta property=\"og:image:height\" content=\"851\" \/>\n\t<meta property=\"og:image:type\" content=\"image\/png\" \/>\n<meta name=\"twitter:card\" content=\"summary_large_image\" \/>\n<meta name=\"twitter:label1\" content=\"Gesch\u00e4tzte Lesezeit\" \/>\n\t<meta name=\"twitter:data1\" content=\"1\u00a0Minute\" \/>\n<script type=\"application\/ld+json\" class=\"yoast-schema-graph\">{\"@context\":\"https:\/\/schema.org\",\"@graph\":[{\"@type\":\"WebPage\",\"@id\":\"https:\/\/shop.admonter.com\/de\/versandkosten\/\",\"url\":\"https:\/\/shop.admonter.com\/de\/versandkosten\/\",\"name\":\"Versandkosten - Admonter Webshop\",\"isPartOf\":{\"@id\":\"https:\/\/shop.admonter.com\/de\/#website\"},\"datePublished\":\"2020-10-28T09:32:26+00:00\",\"dateModified\":\"2025-09-26T07:28:19+00:00\",\"description\":\"Die Versandkosten f\u00fcr Muster und Pflegemittel betragen je nach Region in Europa zwischen \u20ac 6.00 und \u20ac 20.00, weltweit \u20ac 29.50.\",\"breadcrumb\":{\"@id\":\"https:\/\/shop.admonter.com\/de\/versandkosten\/#breadcrumb\"},\"inLanguage\":\"de\",\"potentialAction\":[{\"@type\":\"ReadAction\",\"target\":[\"https:\/\/shop.admonter.com\/de\/versandkosten\/\"]}]},{\"@type\":\"BreadcrumbList\",\"@id\":\"https:\/\/shop.admonter.com\/de\/versandkosten\/#breadcrumb\",\"itemListElement\":[{\"@type\":\"ListItem\",\"position\":1,\"name\":\"Startseite\",\"item\":\"https:\/\/shop.admonter.com\/de\/\"},{\"@type\":\"ListItem\",\"position\":2,\"name\":\"Versandkosten\"}]},{\"@type\":\"WebSite\",\"@id\":\"https:\/\/shop.admonter.com\/de\/#website\",\"url\":\"https:\/\/shop.admonter.com\/de\/\",\"name\":\"Admonter Webshop\",\"description\":\"Natur im Raum\",\"publisher\":{\"@id\":\"https:\/\/shop.admonter.com\/de\/#organization\"},\"potentialAction\":[{\"@type\":\"SearchAction\",\"target\":{\"@type\":\"EntryPoint\",\"urlTemplate\":\"https:\/\/shop.admonter.com\/de\/?s={search_term_string}\"},\"query-input\":{\"@type\":\"PropertyValueSpecification\",\"valueRequired\":true,\"valueName\":\"search_term_string\"}}],\"inLanguage\":\"de\"},{\"@type\":\"Organization\",\"@id\":\"https:\/\/shop.admonter.com\/de\/#organization\",\"name\":\"Admonter Holzindustrie AG\",\"url\":\"https:\/\/shop.admonter.com\/de\/\",\"logo\":{\"@type\":\"ImageObject\",\"inLanguage\":\"de\",\"@id\":\"https:\/\/shop.admonter.com\/de\/#\/schema\/logo\/image\/\",\"url\":\"https:\/\/shop.admonter.com\/wp-content\/uploads\/sites\/2\/admonter_logo.png\",\"contentUrl\":\"https:\/\/shop.admonter.com\/wp-content\/uploads\/sites\/2\/admonter_logo.png\",\"width\":592,\"height\":100,\"caption\":\"Admonter Holzindustrie AG\"},\"image\":{\"@id\":\"https:\/\/shop.admonter.com\/de\/#\/schema\/logo\/image\/\"}}]}<\/script>\n<!-- \/ Yoast SEO Premium plugin. -->","yoast_head_json":{"title":"Versandkosten - Admonter Webshop","description":"Die Versandkosten f\u00fcr Muster und Pflegemittel betragen je nach Region in Europa zwischen \u20ac 6.00 und \u20ac 20.00, weltweit \u20ac 29.50.","robots":{"index":"index","follow":"follow","max-snippet":"max-snippet:-1","max-image-preview":"max-image-preview:large","max-video-preview":"max-video-preview:-1"},"canonical":"https:\/\/shop.admonter.com\/de\/versandkosten\/","og_locale":"de_DE","og_type":"article","og_title":"Versandkosten","og_description":"Die Versandkosten f\u00fcr Muster und Pflegemittel betragen je nach Region in Europa zwischen \u20ac 6.00 und \u20ac 20.00, weltweit \u20ac 29.50.","og_url":"https:\/\/shop.admonter.com\/de\/versandkosten\/","og_site_name":"Admonter Webshop","article_modified_time":"2025-09-26T07:28:19+00:00","og_image":[{"width":1374,"height":851,"url":"https:\/\/shop.admonter.com\/wp-content\/uploads\/sites\/2\/shop_header-1-e1591092494353.png","type":"image\/png"}],"twitter_card":"summary_large_image","twitter_misc":{"Gesch\u00e4tzte Lesezeit":"1\u00a0Minute"},"schema":{"@context":"https:\/\/schema.org","@graph":[{"@type":"WebPage","@id":"https:\/\/shop.admonter.com\/de\/versandkosten\/","url":"https:\/\/shop.admonter.com\/de\/versandkosten\/","name":"Versandkosten - Admonter Webshop","isPartOf":{"@id":"https:\/\/shop.admonter.com\/de\/#website"},"datePublished":"2020-10-28T09:32:26+00:00","dateModified":"2025-09-26T07:28:19+00:00","description":"Die Versandkosten f\u00fcr Muster und Pflegemittel betragen je nach Region in Europa zwischen \u20ac 6.00 und \u20ac 20.00, weltweit \u20ac 29.50.","breadcrumb":{"@id":"https:\/\/shop.admonter.com\/de\/versandkosten\/#breadcrumb"},"inLanguage":"de","potentialAction":[{"@type":"ReadAction","target":["https:\/\/shop.admonter.com\/de\/versandkosten\/"]}]},{"@type":"BreadcrumbList","@id":"https:\/\/shop.admonter.com\/de\/versandkosten\/#breadcrumb","itemListElement":[{"@type":"ListItem","position":1,"name":"Startseite","item":"https:\/\/shop.admonter.com\/de\/"},{"@type":"ListItem","position":2,"name":"Versandkosten"}]},{"@type":"WebSite","@id":"https:\/\/shop.admonter.com\/de\/#website","url":"https:\/\/shop.admonter.com\/de\/","name":"Admonter Webshop","description":"Natur im Raum","publisher":{"@id":"https:\/\/shop.admonter.com\/de\/#organization"},"potentialAction":[{"@type":"SearchAction","target":{"@type":"EntryPoint","urlTemplate":"https:\/\/shop.admonter.com\/de\/?s={search_term_string}"},"query-input":{"@type":"PropertyValueSpecification","valueRequired":true,"valueName":"search_term_string"}}],"inLanguage":"de"},{"@type":"Organization","@id":"https:\/\/shop.admonter.com\/de\/#organization","name":"Admonter Holzindustrie AG","url":"https:\/\/shop.admonter.com\/de\/","logo":{"@type":"ImageObject","inLanguage":"de","@id":"https:\/\/shop.admonter.com\/de\/#\/schema\/logo\/image\/","url":"https:\/\/shop.admonter.com\/wp-content\/uploads\/sites\/2\/admonter_logo.png","contentUrl":"https:\/\/shop.admonter.com\/wp-content\/uploads\/sites\/2\/admonter_logo.png","width":592,"height":100,"caption":"Admonter Holzindustrie AG"},"image":{"@id":"https:\/\/shop.admonter.com\/de\/#\/schema\/logo\/image\/"}}]}},"_links":{"self":[{"href":"https:\/\/shop.admonter.com\/de\/wp-json\/wp\/v2\/pages\/13246","targetHints":{"allow":["GET"]}}],"collection":[{"href":"https:\/\/shop.admonter.com\/de\/wp-json\/wp\/v2\/pages"}],"about":[{"href":"https:\/\/shop.admonter.com\/de\/wp-json\/wp\/v2\/types\/page"}],"author":[{"embeddable":true,"href":"https:\/\/shop.admonter.com\/de\/wp-json\/wp\/v2\/users\/1"}],"replies":[{"embeddable":true,"href":"https:\/\/shop.admonter.com\/de\/wp-json\/wp\/v2\/comments?post=13246"}],"version-history":[{"count":3,"href":"https:\/\/shop.admonter.com\/de\/wp-json\/wp\/v2\/pages\/13246\/revisions"}],"predecessor-version":[{"id":20025,"href":"https:\/\/shop.admonter.com\/de\/wp-json\/wp\/v2\/pages\/13246\/revisions\/20025"}],"wp:attachment":[{"href":"https:\/\/shop.admonter.com\/de\/wp-json\/wp\/v2\/media?parent=13246"}],"curies":[{"name":"wp","href":"https:\/\/api.w.org\/{rel}","templated":true}]}}